{"id":472,"date":"2022-04-12T16:37:58","date_gmt":"2022-04-12T14:37:58","guid":{"rendered":"http:\/\/www.marinechaboud-naturopathie.com\/?page_id=472"},"modified":"2024-02-13T19:57:53","modified_gmt":"2024-02-13T18:57:53","slug":"prendre-rdv-2","status":"publish","type":"page","link":"https:\/\/www.marinechaboud-naturopathie.com\/index.php\/prendre-rdv-2\/","title":{"rendered":"Prendre RDV"},"content":{"rendered":"<p>[vc_row][vc_column][\/vc_column][\/vc_row][vc_row][vc_column]<div class=\" separator separator_center\" style=\"width:30px%; \">\n\t\t\t\t\t<span class=\"sep_holder sep_holder_l\"><span style=\"border-top-style:solid; border-color:#fe9174\" class=\"sep_line\"><\/span><\/span>\n\t\t\t\t\t\n\t\t\t\t\t<span class=\"sep_holder sep_holder_r\"><span style=\"border-top-style:solid; border-color:#fe9174\" class=\"sep_line\"><\/span><\/span>\n\t\t\t\t<\/div>[\/vc_column][\/vc_row][vc_row][vc_column][vc_column_text]<style>\n    .bookme-form-error,\n    .bookme-steps > li,\n    .bookme-steps > li.bookme-steps-is-active:before,\n    .bookme-modal a {\n        color: #FE9174 !important;\n    }\n\n    .bookme-booking-form .bookme-error,\n    .bookme-steps > li:before,\n    .bookme-steps > li.bookme-steps-is-active:before {\n        border-color: #FE9174 !important;\n    }\n\n    .bookme-button,\n    .bookme-booking-form .bookme-box-loader .bookme-loader:after,\n    .bookme-booking-form .bookme-calendar.bookme-loader:after,\n    .bookme-steps > li:before,\n    .bookme-steps > li:after{\n        background-color: #FE9174 !important;\n    }\n\n    .clndr .clndr-controls,\n    .clndr .clndr-table tr .day:hover,\n    .clndr .clndr-table tr .day.selected.event,\n    .clndr .clndr-table tr .next-month:hover,\n    .clndr .clndr-table tr .day.selected {\n        background-color: #FE9174;\n    }\n\n    .bookme-button,\n    .bookme-steps > li:before{\n        color: #FFFFFF !important;\n    }\n\n    .clndr .clndr-controls .clndr-month,\n    .clndr .clndr-controls .clndr-control-button span,\n    .clndr .clndr-table tr .day:hover,\n    .clndr .clndr-table tr .day.selected.event,\n    .clndr .clndr-table tr .day.selected,\n    .clndr .clndr-table tr .day .selected .event .day-contents {\n        color: #FFFFFF;\n    }\n\n    .bookme-booking-form .bookme-loader:after {\n        background-color: #FFFFFF !important;\n    }\n    \n    .bookme-steps > li.bookme-steps-is-active:before {\n        background-color: transparent !important;\n    }\n<\/style>\n<div id=\"bookme-booking-form-69f319ee229a7\" class=\"bookme-booking-form\" data-form_id=\"69f319ee229a7\"><div class=\"bookme-box-loader\"><div class=\"bookme-loader\"><\/div><\/div><\/div>\n<script>\n    (function ($) {\n        window.bookme(\n            \"69f319ee229a7\",\n            {\"category_id\":1,\"service_id\":0,\"staff_member_id\":0,\"hide_categories\":false,\"hide_services\":false,\"hide_staff_members\":false,\"show_number_of_persons\":false,\"show_service_duration\":false},\n            {\"service_left\":0},\n            {\"status\":\"new\"}        );\n    })(jQuery);\n<\/script>[\/vc_column_text][\/vc_column][\/vc_row][vc_row][vc_column width=&#8221;1\/2&#8243;][vc_column_text]Bonjour et bienvenu.e.s,<\/p>\n<p>Je vous invite \u00e0 prendre un rdv en ligne en fonction de vos besoins et\/ou de me contacter directement par t\u00e9l\u00e9phone pour une prise de rendez-vous au <strong>06.03.08.98.40<\/strong> ou via le formulaire de contact \u00e0 la page <strong>CONTACT\/TARIFS si vous ne trouvez pas.<br \/>\n<\/strong><\/p>\n<p>Au plaisir,<\/p>\n<p><strong>Marine<\/strong>[\/vc_column_text]<div class=\"bouton call-to-action call-to-action-style-2\"><div class=\"call-to-action-description\"><h4 class=\"call-to-action-heading\">Call to action<\/h4><p class=\"call-to-action-additonal\">Call to action additional text<\/p><\/div><a class=\"btn btn-alt btn-primary  call-to-action-button\" target=\"_blank\" href=\"https:\/\/www.marine-chaboud.fr\/\" style=\"margin-top: 10px; \"> Pour la branche Artistique, c'est par ici !<\/a><\/div>[\/vc_column][vc_column width=&#8221;1\/2&#8243;][vc_column_text][\/vc_column_text]<div ><div class=\"row   gallery-type-grid gallery-grid-layout-fitRows \" data-gallery-grid=\"fitRows\" ><div class=\"vc_col-sm-12 custom-gallery-item \"><figure class=\"agni-gallery-figure\"><a href=\"https:\/\/www.marinechaboud-naturopathie.com\/wp-content\/uploads\/2022\/03\/caleb-george-5sF6NrB1MEg-unsplash-1536x2048-1.jpg\"><img loading=\"lazy\" decoding=\"async\" width=\"1536\" height=\"2048\" src=\"https:\/\/www.marinechaboud-naturopathie.com\/wp-content\/uploads\/2022\/03\/caleb-george-5sF6NrB1MEg-unsplash-1536x2048-1.jpg\" class=\"attachment-full size-full\" alt=\"Image de plante\" srcset=\"https:\/\/www.marinechaboud-naturopathie.com\/wp-content\/uploads\/2022\/03\/caleb-george-5sF6NrB1MEg-unsplash-1536x2048-1.jpg 1536w, https:\/\/www.marinechaboud-naturopathie.com\/wp-content\/uploads\/2022\/03\/caleb-george-5sF6NrB1MEg-unsplash-1536x2048-1-225x300.jpg 225w, https:\/\/www.marinechaboud-naturopathie.com\/wp-content\/uploads\/2022\/03\/caleb-george-5sF6NrB1MEg-unsplash-1536x2048-1-768x1024.jpg 768w, https:\/\/www.marinechaboud-naturopathie.com\/wp-content\/uploads\/2022\/03\/caleb-george-5sF6NrB1MEg-unsplash-1536x2048-1-1152x1536.jpg 1152w, https:\/\/www.marinechaboud-naturopathie.com\/wp-content\/uploads\/2022\/03\/caleb-george-5sF6NrB1MEg-unsplash-1536x2048-1-1080x1440.jpg 1080w, https:\/\/www.marinechaboud-naturopathie.com\/wp-content\/uploads\/2022\/03\/caleb-george-5sF6NrB1MEg-unsplash-1536x2048-1-640x853.jpg 640w\" sizes=\"auto, (max-width: 1536px) 100vw, 1536px\" \/><\/a><\/figure><\/div><\/div><\/div>[\/vc_column][\/vc_row][vc_row][vc_column]<div class=\" section-heading text-center ihda\"><h2 class=\"heading\" style=\"font-size:48px\">O\u00f9?<\/h2><div class=\"divide-line text-center\"><span style=\"width:90px; height:1px; background-color:#fea790\"><\/span><\/div><\/div>[\/vc_column][\/vc_row][vc_row][vc_column width=&#8221;1\/2&#8243;]<div class=\" agni-image custom-image-container text-left\"><div class=\"wpb_wrapper\"><img loading=\"lazy\" decoding=\"async\" style=\"\" width=\"2560\" height=\"1702\" src=\"https:\/\/www.marinechaboud-naturopathie.com\/wp-content\/uploads\/2022\/04\/lauren-mancke-sil2Hx4iupI-unsplash-scaled.jpg\" class=\"fullwidth-image attachment-full  attachment-full\" alt=\"\" srcset=\"https:\/\/www.marinechaboud-naturopathie.com\/wp-content\/uploads\/2022\/04\/lauren-mancke-sil2Hx4iupI-unsplash-scaled.jpg 2560w, https:\/\/www.marinechaboud-naturopathie.com\/wp-content\/uploads\/2022\/04\/lauren-mancke-sil2Hx4iupI-unsplash-300x200.jpg 300w, https:\/\/www.marinechaboud-naturopathie.com\/wp-content\/uploads\/2022\/04\/lauren-mancke-sil2Hx4iupI-unsplash-1024x681.jpg 1024w, https:\/\/www.marinechaboud-naturopathie.com\/wp-content\/uploads\/2022\/04\/lauren-mancke-sil2Hx4iupI-unsplash-768x511.jpg 768w, https:\/\/www.marinechaboud-naturopathie.com\/wp-content\/uploads\/2022\/04\/lauren-mancke-sil2Hx4iupI-unsplash-1536x1021.jpg 1536w, https:\/\/www.marinechaboud-naturopathie.com\/wp-content\/uploads\/2022\/04\/lauren-mancke-sil2Hx4iupI-unsplash-2048x1362.jpg 2048w, https:\/\/www.marinechaboud-naturopathie.com\/wp-content\/uploads\/2022\/04\/lauren-mancke-sil2Hx4iupI-unsplash-1080x718.jpg 1080w, https:\/\/www.marinechaboud-naturopathie.com\/wp-content\/uploads\/2022\/04\/lauren-mancke-sil2Hx4iupI-unsplash-640x426.jpg 640w\" sizes=\"auto, (max-width: 2560px) 100vw, 2560px\" \/><\/div><\/div>[\/vc_column][vc_column width=&#8221;1\/2&#8243;][vc_column_text][\/vc_column_text][\/vc_column][\/vc_row][vc_row][vc_column][vc_column_text]<div id=\"wpgmza_map\" class=\"wpgmza_map\" data-settings='{\"id\":\"1\",\"map_title\":\"Marine Chaboud - Naturopathie\",\"map_width\":\"100\",\"map_height\":\"400\",\"map_start_lat\":\"43.40459890000001\",\"map_start_lng\":\"3.6938033000000114\",\"map_start_location\":\"45.950464398418106,-109.81550500000003\",\"map_start_zoom\":\"16\",\"default_marker\":\"\",\"type\":\"1\",\"alignment\":\"4\",\"directions_enabled\":\"0\",\"styling_enabled\":\"0\",\"styling_json\":\"\",\"active\":\"0\",\"kml\":\"\",\"bicycle\":\"0\",\"traffic\":\"0\",\"dbox\":\"0\",\"dbox_width\":\"\",\"listmarkers\":\"0\",\"listmarkers_advanced\":\"0\",\"filterbycat\":\"0\",\"ugm_enabled\":\"0\",\"ugm_category_enabled\":\"0\",\"fusion\":\"\",\"map_width_type\":\"%\",\"map_height_type\":\"px\",\"mass_marker_support\":\"0\",\"ugm_access\":\"0\",\"order_markers_by\":\"0\",\"order_markers_choice\":\"0\",\"show_user_location\":\"0\",\"default_to\":\"\",\"other_settings\":{\"map_type\":1,\"sl_stroke_color\":\"\",\"sl_fill_color\":\"\",\"sl_stroke_opacity\":\"\",\"sl_fill_opacity\":\"\",\"transport_layer\":false,\"action\":\"wpgmza_save_map\",\"redirect_to\":\"\\\/wp-admin\\\/admin-post.php\",\"map_id\":\"1\",\"http_referer\":\"\\\/wp-admin\\\/admin.php?page=wp-google-maps-menu&amp;amp;action=edit&amp;amp;map_id=1\",\"wpgmza_id\":\"1\",\"wpgmza_start_location\":\"43.40459890000001,3.6938033000000114\",\"wpgmza_start_zoom\":\"16\",\"wpgmza_theme_data\":\"\",\"store_locator_enabled\":false,\"store_locator_search_area\":\"radial\",\"wpgmza_store_locator_radius_style\":\"legacy\",\"wpgmza_store_locator_default_radius\":\"10\",\"store_locator_auto_area_max_zoom\":\"\",\"store_locator_distance\":false,\"wpgmza_store_locator_position\":false,\"store_locator_show_distance\":false,\"store_locator_category\":false,\"wpgmza_store_locator_use_their_location\":false,\"wpgmza_store_locator_bounce\":false,\"wpgmza_sl_animation\":null,\"wpgmza_store_locator_hide_before_search\":false,\"store_locator_query_string\":\"\",\"store_locator_default_address\":\"\",\"store_locator_name_search\":false,\"store_locator_name_string\":\"\",\"store_locator_not_found_message\":\"\",\"wpgmza_map_align\":\"1\",\"jump_to_nearest_marker_on_initialization\":false,\"automatically_pan_to_users_location\":false,\"override_users_location_zoom_level\":false,\"override_users_location_zoom_levels\":\"\",\"show_distance_from_location\":false,\"map_max_zoom\":\"21\",\"map_min_zoom\":\"0\",\"click_open_link\":false,\"fit_maps_bounds_to_markers\":false,\"fit_maps_bounds_to_markers_after_filtering\":false,\"hide_point_of_interest\":false,\"wpgmza_zoom_on_marker_click\":false,\"wpgmza_zoom_on_marker_click_slider\":\"\",\"close_infowindow_on_map_click\":false,\"disable_lightbox_images\":false,\"use_Raw_Jpeg_Coordinates\":false,\"polygon_labels\":false,\"disable_polygon_info_windows\":false,\"enable_marker_ratings\":false,\"only_load_markers_within_viewport\":false,\"iw_primary_color\":\"#000000\",\"iw_accent_color\":\"#000000\",\"iw_text_color\":\"#000000\",\"wpgmza_listmarkers_by\":\"0\",\"wpgmza_marker_listing_position\":false,\"wpgmza_push_in_map\":false,\"wpgmza_push_in_map_placement\":null,\"wpgmza_push_in_map_width\":\"\",\"wpgmza_push_in_map_height\":\"\",\"zoom_level_on_marker_listing_override\":false,\"zoom_level_on_marker_listing_click\":\"\",\"datatable_no_result_message\":\"\",\"remove_search_box_datables\":false,\"dataTable_pagination_style\":null,\"datatable_search_string\":\"\",\"datatable_result_start\":\"\",\"datatable_result_of\":\"\",\"datatable_result_to\":\"\",\"datatable_result_total\":\"\",\"datatable_result_show\":\"\",\"datatable_result_entries\":\"\",\"wpgmza_savemap\":\"Enregistrer la carte \\u00bb\"}}' data-map-id='1' Data-maps-engine='google-maps' data-shortcode-attributes='{\"id\":\"1\"}' style=\"display:block; overflow:auto; width:100%; height:400px; float:left;\"><\/div>[\/vc_column_text][\/vc_column][\/vc_row]<\/p>\n","protected":false},"excerpt":{"rendered":"<p>[vc_row][vc_column][\/vc_column][\/vc_row][vc_row][vc_column][\/vc_column][\/vc_row][vc_row][vc_column][vc_column_text][\/vc_column_text][\/vc_column][\/vc_row][vc_row][vc_column width=&#8221;1\/2&#8243;][vc_column_text]Bonjour et bienvenu.e.s, Je vous invite \u00e0 prendre un rdv en ligne en fonction de vos besoins et\/ou de me contacter directement par t\u00e9l\u00e9phone pour une prise de rendez-vous au 06.03.08.98.40 ou via le formulaire de contact \u00e0 la page CONTACT\/TARIFS si vous ne trouvez pas. Au plaisir, Marine[\/vc_column_text][\/vc_column][vc_column width=&#8221;1\/2&#8243;][vc_column_text][\/vc_column_text][\/vc_column][\/vc_row][vc_row][vc_column][\/vc_column][\/vc_row][vc_row][vc_column width=&#8221;1\/2&#8243;][\/vc_column][vc_column width=&#8221;1\/2&#8243;][vc_column_text][\/vc_column_text][\/vc_column][\/vc_row][vc_row][vc_column][vc_column_text][\/vc_column_text][\/vc_column][\/vc_row]<\/p>\n","protected":false},"author":1,"featured_media":0,"parent":0,"menu_order":0,"comment_status":"closed","ping_status":"closed","template":"","meta":{"footnotes":""},"class_list":["post-472","page","type-page","status-publish","hentry"],"yoast_head":"<!-- This site is optimized with the Yoast SEO plugin v27.5 - https:\/\/yoast.com\/product\/yoast-seo-wordpress\/ -->\n<title>Prendre RDV - Marine Chaboud - Naturopathe<\/title>\n<meta name=\"robots\" content=\"index, follow, max-snippet:-1, max-image-preview:large, max-video-preview:-1\" \/>\n<link rel=\"canonical\" href=\"https:\/\/www.marinechaboud-naturopathie.com\/index.php\/prendre-rdv-2\/\" \/>\n<meta property=\"og:locale\" content=\"fr_FR\" \/>\n<meta property=\"og:type\" content=\"article\" \/>\n<meta property=\"og:title\" content=\"Prendre RDV - Marine Chaboud - Naturopathe\" \/>\n<meta property=\"og:description\" content=\"[vc_row][vc_column][\/vc_column][\/vc_row][vc_row][vc_column][\/vc_column][\/vc_row][vc_row][vc_column][vc_column_text][\/vc_column_text][\/vc_column][\/vc_row][vc_row][vc_column width=&#8221;1\/2&#8243;][vc_column_text]Bonjour et bienvenu.e.s, Je vous invite \u00e0 prendre un rdv en ligne en fonction de vos besoins et\/ou de me contacter directement par t\u00e9l\u00e9phone pour une prise de rendez-vous au 06.03.08.98.40 ou via le formulaire de contact \u00e0 la page CONTACT\/TARIFS si vous ne trouvez pas. Au plaisir, Marine[\/vc_column_text][\/vc_column][vc_column width=&#8221;1\/2&#8243;][vc_column_text][\/vc_column_text][\/vc_column][\/vc_row][vc_row][vc_column][\/vc_column][\/vc_row][vc_row][vc_column width=&#8221;1\/2&#8243;][\/vc_column][vc_column width=&#8221;1\/2&#8243;][vc_column_text][\/vc_column_text][\/vc_column][\/vc_row][vc_row][vc_column][vc_column_text][\/vc_column_text][\/vc_column][\/vc_row]\" \/>\n<meta property=\"og:url\" content=\"https:\/\/www.marinechaboud-naturopathie.com\/index.php\/prendre-rdv-2\/\" \/>\n<meta property=\"og:site_name\" content=\"Marine Chaboud - Naturopathe\" \/>\n<meta property=\"article:modified_time\" content=\"2024-02-13T18:57:53+00:00\" \/>\n<meta name=\"twitter:card\" content=\"summary_large_image\" \/>\n<meta name=\"twitter:label1\" content=\"Dur\u00e9e de lecture estim\u00e9e\" \/>\n\t<meta name=\"twitter:data1\" content=\"1 minute\" \/>\n<script type=\"application\/ld+json\" class=\"yoast-schema-graph\">{\"@context\":\"https:\\\/\\\/schema.org\",\"@graph\":[{\"@type\":\"WebPage\",\"@id\":\"https:\\\/\\\/www.marinechaboud-naturopathie.com\\\/index.php\\\/prendre-rdv-2\\\/\",\"url\":\"https:\\\/\\\/www.marinechaboud-naturopathie.com\\\/index.php\\\/prendre-rdv-2\\\/\",\"name\":\"Prendre RDV - Marine Chaboud - Naturopathe\",\"isPartOf\":{\"@id\":\"https:\\\/\\\/www.marinechaboud-naturopathie.com\\\/#website\"},\"datePublished\":\"2022-04-12T14:37:58+00:00\",\"dateModified\":\"2024-02-13T18:57:53+00:00\",\"breadcrumb\":{\"@id\":\"https:\\\/\\\/www.marinechaboud-naturopathie.com\\\/index.php\\\/prendre-rdv-2\\\/#breadcrumb\"},\"inLanguage\":\"fr-FR\",\"potentialAction\":[{\"@type\":\"ReadAction\",\"target\":[\"https:\\\/\\\/www.marinechaboud-naturopathie.com\\\/index.php\\\/prendre-rdv-2\\\/\"]}]},{\"@type\":\"BreadcrumbList\",\"@id\":\"https:\\\/\\\/www.marinechaboud-naturopathie.com\\\/index.php\\\/prendre-rdv-2\\\/#breadcrumb\",\"itemListElement\":[{\"@type\":\"ListItem\",\"position\":1,\"name\":\"Accueil\",\"item\":\"https:\\\/\\\/www.marinechaboud-naturopathie.com\\\/\"},{\"@type\":\"ListItem\",\"position\":2,\"name\":\"Prendre RDV\"}]},{\"@type\":\"WebSite\",\"@id\":\"https:\\\/\\\/www.marinechaboud-naturopathie.com\\\/#website\",\"url\":\"https:\\\/\\\/www.marinechaboud-naturopathie.com\\\/\",\"name\":\"Marine Chaboud - Naturopathe\",\"description\":\"Naturopathie, p\u00e9rinatalit\u00e9, th\u00e9rapie vocale\",\"potentialAction\":[{\"@type\":\"SearchAction\",\"target\":{\"@type\":\"EntryPoint\",\"urlTemplate\":\"https:\\\/\\\/www.marinechaboud-naturopathie.com\\\/?s={search_term_string}\"},\"query-input\":{\"@type\":\"PropertyValueSpecification\",\"valueRequired\":true,\"valueName\":\"search_term_string\"}}],\"inLanguage\":\"fr-FR\"}]}<\/script>\n<!-- \/ Yoast SEO plugin. -->","yoast_head_json":{"title":"Prendre RDV - Marine Chaboud - Naturopathe","robots":{"index":"index","follow":"follow","max-snippet":"max-snippet:-1","max-image-preview":"max-image-preview:large","max-video-preview":"max-video-preview:-1"},"canonical":"https:\/\/www.marinechaboud-naturopathie.com\/index.php\/prendre-rdv-2\/","og_locale":"fr_FR","og_type":"article","og_title":"Prendre RDV - Marine Chaboud - Naturopathe","og_description":"[vc_row][vc_column][\/vc_column][\/vc_row][vc_row][vc_column][\/vc_column][\/vc_row][vc_row][vc_column][vc_column_text][\/vc_column_text][\/vc_column][\/vc_row][vc_row][vc_column width=&#8221;1\/2&#8243;][vc_column_text]Bonjour et bienvenu.e.s, Je vous invite \u00e0 prendre un rdv en ligne en fonction de vos besoins et\/ou de me contacter directement par t\u00e9l\u00e9phone pour une prise de rendez-vous au 06.03.08.98.40 ou via le formulaire de contact \u00e0 la page CONTACT\/TARIFS si vous ne trouvez pas. Au plaisir, Marine[\/vc_column_text][\/vc_column][vc_column width=&#8221;1\/2&#8243;][vc_column_text][\/vc_column_text][\/vc_column][\/vc_row][vc_row][vc_column][\/vc_column][\/vc_row][vc_row][vc_column width=&#8221;1\/2&#8243;][\/vc_column][vc_column width=&#8221;1\/2&#8243;][vc_column_text][\/vc_column_text][\/vc_column][\/vc_row][vc_row][vc_column][vc_column_text][\/vc_column_text][\/vc_column][\/vc_row]","og_url":"https:\/\/www.marinechaboud-naturopathie.com\/index.php\/prendre-rdv-2\/","og_site_name":"Marine Chaboud - Naturopathe","article_modified_time":"2024-02-13T18:57:53+00:00","twitter_card":"summary_large_image","twitter_misc":{"Dur\u00e9e de lecture estim\u00e9e":"1 minute"},"schema":{"@context":"https:\/\/schema.org","@graph":[{"@type":"WebPage","@id":"https:\/\/www.marinechaboud-naturopathie.com\/index.php\/prendre-rdv-2\/","url":"https:\/\/www.marinechaboud-naturopathie.com\/index.php\/prendre-rdv-2\/","name":"Prendre RDV - Marine Chaboud - Naturopathe","isPartOf":{"@id":"https:\/\/www.marinechaboud-naturopathie.com\/#website"},"datePublished":"2022-04-12T14:37:58+00:00","dateModified":"2024-02-13T18:57:53+00:00","breadcrumb":{"@id":"https:\/\/www.marinechaboud-naturopathie.com\/index.php\/prendre-rdv-2\/#breadcrumb"},"inLanguage":"fr-FR","potentialAction":[{"@type":"ReadAction","target":["https:\/\/www.marinechaboud-naturopathie.com\/index.php\/prendre-rdv-2\/"]}]},{"@type":"BreadcrumbList","@id":"https:\/\/www.marinechaboud-naturopathie.com\/index.php\/prendre-rdv-2\/#breadcrumb","itemListElement":[{"@type":"ListItem","position":1,"name":"Accueil","item":"https:\/\/www.marinechaboud-naturopathie.com\/"},{"@type":"ListItem","position":2,"name":"Prendre RDV"}]},{"@type":"WebSite","@id":"https:\/\/www.marinechaboud-naturopathie.com\/#website","url":"https:\/\/www.marinechaboud-naturopathie.com\/","name":"Marine Chaboud - Naturopathe","description":"Naturopathie, p\u00e9rinatalit\u00e9, th\u00e9rapie vocale","potentialAction":[{"@type":"SearchAction","target":{"@type":"EntryPoint","urlTemplate":"https:\/\/www.marinechaboud-naturopathie.com\/?s={search_term_string}"},"query-input":{"@type":"PropertyValueSpecification","valueRequired":true,"valueName":"search_term_string"}}],"inLanguage":"fr-FR"}]}},"_links":{"self":[{"href":"https:\/\/www.marinechaboud-naturopathie.com\/index.php\/wp-json\/wp\/v2\/pages\/472","targetHints":{"allow":["GET"]}}],"collection":[{"href":"https:\/\/www.marinechaboud-naturopathie.com\/index.php\/wp-json\/wp\/v2\/pages"}],"about":[{"href":"https:\/\/www.marinechaboud-naturopathie.com\/index.php\/wp-json\/wp\/v2\/types\/page"}],"author":[{"embeddable":true,"href":"https:\/\/www.marinechaboud-naturopathie.com\/index.php\/wp-json\/wp\/v2\/users\/1"}],"replies":[{"embeddable":true,"href":"https:\/\/www.marinechaboud-naturopathie.com\/index.php\/wp-json\/wp\/v2\/comments?post=472"}],"version-history":[{"count":0,"href":"https:\/\/www.marinechaboud-naturopathie.com\/index.php\/wp-json\/wp\/v2\/pages\/472\/revisions"}],"wp:attachment":[{"href":"https:\/\/www.marinechaboud-naturopathie.com\/index.php\/wp-json\/wp\/v2\/media?parent=472"}],"curies":[{"name":"wp","href":"https:\/\/api.w.org\/{rel}","templated":true}]}}