{"id":403,"date":"2022-04-07T12:22:12","date_gmt":"2022-04-07T10:22:12","guid":{"rendered":"http:\/\/www.marinechaboud-naturopathie.com\/?page_id=403"},"modified":"2024-02-13T15:51:55","modified_gmt":"2024-02-13T14:51:55","slug":"formation-individuelle-perfectionnerr-sa-voix","status":"publish","type":"page","link":"https:\/\/www.marinechaboud-naturopathie.com\/index.php\/formation-individuelle-perfectionnerr-sa-voix\/","title":{"rendered":"Formation individuelle perfectionner sa voix"},"content":{"rendered":"<p>[vc_row][vc_column]<div class=\" separator separator_center\" style=\"width:30px%; \">\n\t\t\t\t\t<span class=\"sep_holder sep_holder_l\"><span style=\"border-top-style:solid; border-color:#fe9174\" class=\"sep_line\"><\/span><\/span>\n\t\t\t\t\t\n\t\t\t\t\t<span class=\"sep_holder sep_holder_r\"><span style=\"border-top-style:solid; border-color:#fe9174\" class=\"sep_line\"><\/span><\/span>\n\t\t\t\t<\/div>[vc_column_text]FORMATION PROFESSIONNELLE<br \/>\nINDIVIDUELLE POUR<br \/>\nLES M\u00c9TIERS DE LA SC\u00c8NE<\/p>\n<p><em><strong>Am\u00e9liorer sa pratique &amp; sa techniques vocale<\/strong><\/em><\/p>\n<p>La voix est un support de communication ; le chant un prolongement<br \/>\nde la voix parl\u00e9e. Un geste vocal assur\u00e9 favorise les facult\u00e9s vocales et<br \/>\noratoires de chacun. Le chanteur, musicien, com\u00e9dien, danseur, interpr\u00e8te<br \/>\ntrouvera dans cette formation mati\u00e8re \u00e0 enrichir sa pratique pour une<br \/>\nprestation plus vraie, plus sensible et plus performante, optimisant ainsi<br \/>\nses comp\u00e9tences dans sa vie professionnelle artistique.<br \/>\nLe projet de formation que je soumets ici est n\u00e9 de mon exp\u00e9rience en<br \/>\ntant que professeur de chant et coach en pose de voix et en art oratoire.<br \/>\nDans ce cadre, j\u2019ai constat\u00e9 que je recevais de plus en plus de personnes<br \/>\natteintes de troubles de la voix, dus au stress et ou \u00e0 leur profession.<\/p>\n<p>L\u2019objectif de cette formation est de soutenir tout individu travaillant<br \/>\navec leur voix comme outils de communication professionnelle dans leur<br \/>\nvolont\u00e9 de pr\u00e9venir et d\u2019agir consciemment sur l\u2019utilisation de leur voix.<br \/>\nLa formation permettra ainsi d\u2019am\u00e9liorer la prise en charge des<br \/>\nparticipants en suscitant une prise de conscience de leur corps, en<br \/>\nrenfor\u00e7ant leur confiance et en am\u00e9liorant leur sant\u00e9 \u00e0 long terme.<br \/>\nCette formation s\u2019inscrit dans le cadre d\u2019une pr\u00e9vention \u00e0 tous les corps<br \/>\nde m\u00e9tiers qui utilisent leur voix comme \u00ab outils de travail \u00bb et qui n\u2019ont<br \/>\npas eu l\u2019opportunit\u00e9 de b\u00e9n\u00e9ficier d\u2019une formation compl\u00e8te sur la pose<br \/>\nde voix, ou l\u2019hygi\u00e8ne vocale \u00e0 adopter. Comprendre son fonctionnement<br \/>\nc\u2019est respecter son \u00e9tat physique et psychologique au travail et dans<br \/>\nnotre vie priv\u00e9e.<br \/>\nFORMATION PROFESSIONNELLE INDIVIDUELLE POUR LES M\u00c9TIERS DE LA SC\u00c8NE<\/p>\n<p><em><strong>PUBLIC<\/strong><\/em><br \/>\n\u2022 Chanteurs, danseurs, musiciens, com\u00e9diens et autres artistes<br \/>\ndu spectacle vivant<\/p>\n<p><em><strong>PR\u00c9REQUIS<\/strong><\/em><br \/>\n\u2022 Se sentir concern\u00e9 par l\u2019approche de la voix et de la respiration<br \/>\n\u2022 Avoir une pratique professionnelle r\u00e9guli\u00e8re<br \/>\nOBJECTIFS<br \/>\n\u2022 Prot\u00e9ger sa voix en apprenant \u00e0 s\u2019en servir.<br \/>\n\u2022 D\u00e9velopper la conscience corporelle, sensorielle, vibratoire par le son, le<br \/>\nsouffle, le chant.<br \/>\n\u2022 Exp\u00e9rimenter les potentialit\u00e9s de la voix, la libert\u00e9 d\u2019\u00e9mission, la<br \/>\nfluidit\u00e9 du geste vocal.<br \/>\n\u2022 Maitriser les angoisses et le stress.<br \/>\n\u2022 Travailler l\u2019interpr\u00e9tation et la musicalit\u00e9.<br \/>\n\u2022 Eviter un for\u00e7age vocal et savoir l\u2019appr\u00e9hender.<br \/>\n\u2022 Avoir de multiples outils pour la pr\u00e9paration du corps, la mise en son et<br \/>\nen voix, l\u2019expressivit\u00e9, en direction de publics et de contextes diff\u00e9rents :<br \/>\nadultes, enfants, personnes \u00e2g\u00e9es, personnes en difficult\u00e9s&#8230;<\/p>\n<p><em><strong>COMP\u00c9TENCES VIS\u00c9ES<\/strong><\/em><br \/>\n\u2022 Utiliser des outils vocaux adapt\u00e9s pour la transmission et l\u2019expression<br \/>\nartistique et vocale.<br \/>\n\u2022 D\u00e9finir le fonctionnement de l\u2019instrument corporel et vocal pour la voix<br \/>\nparl\u00e9e et chant\u00e9e.<br \/>\n\u2022 Int\u00e9grer la coordination du geste vocal et respiratoire.<br \/>\n\u2022 Rep\u00e9rer les intentions, l\u2019\u00e9tat \u00e9motionnel et les zones de tensions<br \/>\ncorporelles dans un travail vocal ou prise de parole.<\/p>\n<p><em><strong>STRUCTURE DE LA FORMATION<\/strong><\/em><\/p>\n<p>\u2022 En continue sur 6 mois<br \/>\n\u2022 1h30 sur 18 cours<\/p>\n<p>FORMATION PROFESSIONNELLE INDIVIDUELLE POUR LES M\u00c9TIERS DE LA SC\u00c8NE<\/p>\n<p><em><strong>TARIFS<\/strong><\/em><br \/>\n2800 \u20ac HT<\/p>\n<p>Cette formation peut \u00eatre prise en charge dans le cadre de dispositif<br \/>\nde financement de la formation professionnelle telle que l\u2019AFDAS, Uniformation, OPCA).<br \/>\nSi vous ne disposez pas de prise en charge, veuillez me contacter directement.<\/p>\n<p><em><strong>DATES A DEFINIR<\/strong><\/em><\/p>\n<p><em><strong>HORAIRES<\/strong><\/em><br \/>\nEn semaine entre 9h et 19h du lundi au vendredi,<br \/>\n\u00e0 d\u00e9finir avec le participant.[\/vc_column_text][\/vc_column][\/vc_row][vc_row][vc_column width=&#8221;1\/2&#8243;][vc_column_text]<em><strong>PROGRAMME DE LA FORMATION<\/strong><\/em><\/p>\n<p>Demandez la brochure \u00e0 l&#8217;adresse : chaboudm@gmail.com<\/p>\n<p>&nbsp;<\/p>\n<p><em><strong>VALIDATION ET \u00c9VALUATION DE LA FORMATION<\/strong><\/em><br \/>\n\u2022 Attestation d\u2019inscription, feuille de pr\u00e9sence et attestation de participation.<br \/>\n\u2022 Questionnaire d\u2019\u00e9valuation formative des pratiques professionnelles avant<br \/>\net apr\u00e8s permettant de mettre en \u00e9vidence et valoriser les \u00e9volutions<br \/>\ncons\u00e9cutives \u00e0 la formation.<\/p>\n<p><strong>\u00a0<\/strong><\/p>\n<p><strong>\u00a0<\/strong>[\/vc_column_text]<div class=\"bouton call-to-action call-to-action-style-2\"><div class=\"call-to-action-description\"><h4 class=\"call-to-action-heading\">Call to action<\/h4><p class=\"call-to-action-additonal\">Call to action additional text<\/p><\/div><a class=\"btn btn-alt btn-primary  call-to-action-button\" target=\"_blank\" href=\"https:\/\/www.marine-chaboud.fr\/\" style=\"margin-top: 10px; \"> Pour la branche Artistique, c'est par ici !<\/a><\/div>[\/vc_column][vc_column width=&#8221;1\/2&#8243;][vc_column_text][\/vc_column_text]<div ><div class=\"row   gallery-type-grid gallery-grid-layout-fitRows \" data-gallery-grid=\"fitRows\" ><div class=\"vc_col-sm-12 custom-gallery-item \"><figure class=\"agni-gallery-figure\"><a href=\"https:\/\/www.marinechaboud-naturopathie.com\/wp-content\/uploads\/2024\/02\/TO1A3711-scaled.jpg\"><img loading=\"lazy\" decoding=\"async\" width=\"2560\" height=\"1628\" src=\"https:\/\/www.marinechaboud-naturopathie.com\/wp-content\/uploads\/2024\/02\/TO1A3711-scaled.jpg\" class=\"attachment-full size-full\" alt=\"\" srcset=\"https:\/\/www.marinechaboud-naturopathie.com\/wp-content\/uploads\/2024\/02\/TO1A3711-scaled.jpg 2560w, https:\/\/www.marinechaboud-naturopathie.com\/wp-content\/uploads\/2024\/02\/TO1A3711-300x191.jpg 300w, https:\/\/www.marinechaboud-naturopathie.com\/wp-content\/uploads\/2024\/02\/TO1A3711-1024x651.jpg 1024w, https:\/\/www.marinechaboud-naturopathie.com\/wp-content\/uploads\/2024\/02\/TO1A3711-768x488.jpg 768w, https:\/\/www.marinechaboud-naturopathie.com\/wp-content\/uploads\/2024\/02\/TO1A3711-1536x977.jpg 1536w, https:\/\/www.marinechaboud-naturopathie.com\/wp-content\/uploads\/2024\/02\/TO1A3711-2048x1302.jpg 2048w, https:\/\/www.marinechaboud-naturopathie.com\/wp-content\/uploads\/2024\/02\/TO1A3711-1080x687.jpg 1080w, https:\/\/www.marinechaboud-naturopathie.com\/wp-content\/uploads\/2024\/02\/TO1A3711-640x407.jpg 640w\" sizes=\"auto, (max-width: 2560px) 100vw, 2560px\" \/><\/a><\/figure><\/div><\/div><\/div>[\/vc_column][\/vc_row][vc_row act_as_table=&#8221;act_as_table&#8221; bg_color=&#8221;#245972&#8243; margin_top=&#8221;50&#8243; margin_right=&#8221;0&#8243; margin_bottom=&#8221;0&#8243; margin_left=&#8221;0&#8243; padding_top=&#8221;0&#8243; padding_right=&#8221;0&#8243; padding_bottom=&#8221;0&#8243; padding_left=&#8221;0&#8243; border_top=&#8221;0&#8243; border_right=&#8221;0&#8243; border_bottom=&#8221;0&#8243; border_left=&#8221;0&#8243;][vc_column width=&#8221;1\/2&#8243;]<div class=\" agni-image custom-image-container text-center\"><div class=\"wpb_wrapper\"><img loading=\"lazy\" decoding=\"async\" style=\"\" width=\"550\" height=\"320\" src=\"https:\/\/www.marinechaboud-naturopathie.com\/wp-content\/uploads\/2022\/04\/badeau-the\u0301rapies-vocales-nadine-marfurt-9tKZ656Cp-w-unsplash.jpg\" class=\"fullwidth-image attachment-full image-has-background attachment-full\" alt=\"Bandeau Th\u00e9rapies vocales\" srcset=\"https:\/\/www.marinechaboud-naturopathie.com\/wp-content\/uploads\/2022\/04\/badeau-the\u0301rapies-vocales-nadine-marfurt-9tKZ656Cp-w-unsplash.jpg 550w, https:\/\/www.marinechaboud-naturopathie.com\/wp-content\/uploads\/2022\/04\/badeau-the\u0301rapies-vocales-nadine-marfurt-9tKZ656Cp-w-unsplash-300x175.jpg 300w\" sizes=\"auto, (max-width: 550px) 100vw, 550px\" \/><\/div><\/div>[\/vc_column][vc_column width=&#8221;1\/2&#8243;][vc_column_text]<\/p>\n<h3>Un temps pour soi<\/h3>\n<h4>Prendre un rendez-vous<br \/>\nau cabinet ou en visio<\/h4>\n<p>[\/vc_column_text]<div class=\" call-to-action call-to-action-style-1\"><div class=\"call-to-action-description\"><h4 class=\"call-to-action-heading\">Call to action<\/h4><p class=\"call-to-action-additonal\">Call to action additional text<\/p><\/div><a class=\"btn  btn-primary  call-to-action-button\" target=\"_self\" href=\"http:\/\/www.marinechaboud-naturopathie.com\/index.php\/prendre-rdv\/\" style=\"margin-top: 10px; \"> Prendre RDV<\/a><\/div>[\/vc_column][\/vc_row][vc_row margin_top=&#8221;100px&#8221;][vc_column][vc_column_text]<div id=\"wpgmza_map\" class=\"wpgmza_map\" data-settings='{\"id\":\"1\",\"map_title\":\"Marine Chaboud - Naturopathie\",\"map_width\":\"100\",\"map_height\":\"400\",\"map_start_lat\":\"43.40459890000001\",\"map_start_lng\":\"3.6938033000000114\",\"map_start_location\":\"45.950464398418106,-109.81550500000003\",\"map_start_zoom\":\"16\",\"default_marker\":\"\",\"type\":\"1\",\"alignment\":\"4\",\"directions_enabled\":\"0\",\"styling_enabled\":\"0\",\"styling_json\":\"\",\"active\":\"0\",\"kml\":\"\",\"bicycle\":\"0\",\"traffic\":\"0\",\"dbox\":\"0\",\"dbox_width\":\"\",\"listmarkers\":\"0\",\"listmarkers_advanced\":\"0\",\"filterbycat\":\"0\",\"ugm_enabled\":\"0\",\"ugm_category_enabled\":\"0\",\"fusion\":\"\",\"map_width_type\":\"%\",\"map_height_type\":\"px\",\"mass_marker_support\":\"0\",\"ugm_access\":\"0\",\"order_markers_by\":\"0\",\"order_markers_choice\":\"0\",\"show_user_location\":\"0\",\"default_to\":\"\",\"other_settings\":{\"map_type\":1,\"sl_stroke_color\":\"\",\"sl_fill_color\":\"\",\"sl_stroke_opacity\":\"\",\"sl_fill_opacity\":\"\",\"transport_layer\":false,\"action\":\"wpgmza_save_map\",\"redirect_to\":\"\\\/wp-admin\\\/admin-post.php\",\"map_id\":\"1\",\"http_referer\":\"\\\/wp-admin\\\/admin.php?page=wp-google-maps-menu&amp;amp;action=edit&amp;amp;map_id=1\",\"wpgmza_id\":\"1\",\"wpgmza_start_location\":\"43.40459890000001,3.6938033000000114\",\"wpgmza_start_zoom\":\"16\",\"wpgmza_theme_data\":\"\",\"store_locator_enabled\":false,\"store_locator_search_area\":\"radial\",\"wpgmza_store_locator_radius_style\":\"legacy\",\"wpgmza_store_locator_default_radius\":\"10\",\"store_locator_auto_area_max_zoom\":\"\",\"store_locator_distance\":false,\"wpgmza_store_locator_position\":false,\"store_locator_show_distance\":false,\"store_locator_category\":false,\"wpgmza_store_locator_use_their_location\":false,\"wpgmza_store_locator_bounce\":false,\"wpgmza_sl_animation\":null,\"wpgmza_store_locator_hide_before_search\":false,\"store_locator_query_string\":\"\",\"store_locator_default_address\":\"\",\"store_locator_name_search\":false,\"store_locator_name_string\":\"\",\"store_locator_not_found_message\":\"\",\"wpgmza_map_align\":\"1\",\"jump_to_nearest_marker_on_initialization\":false,\"automatically_pan_to_users_location\":false,\"override_users_location_zoom_level\":false,\"override_users_location_zoom_levels\":\"\",\"show_distance_from_location\":false,\"map_max_zoom\":\"21\",\"map_min_zoom\":\"0\",\"click_open_link\":false,\"fit_maps_bounds_to_markers\":false,\"fit_maps_bounds_to_markers_after_filtering\":false,\"hide_point_of_interest\":false,\"wpgmza_zoom_on_marker_click\":false,\"wpgmza_zoom_on_marker_click_slider\":\"\",\"close_infowindow_on_map_click\":false,\"disable_lightbox_images\":false,\"use_Raw_Jpeg_Coordinates\":false,\"polygon_labels\":false,\"disable_polygon_info_windows\":false,\"enable_marker_ratings\":false,\"only_load_markers_within_viewport\":false,\"iw_primary_color\":\"#000000\",\"iw_accent_color\":\"#000000\",\"iw_text_color\":\"#000000\",\"wpgmza_listmarkers_by\":\"0\",\"wpgmza_marker_listing_position\":false,\"wpgmza_push_in_map\":false,\"wpgmza_push_in_map_placement\":null,\"wpgmza_push_in_map_width\":\"\",\"wpgmza_push_in_map_height\":\"\",\"zoom_level_on_marker_listing_override\":false,\"zoom_level_on_marker_listing_click\":\"\",\"datatable_no_result_message\":\"\",\"remove_search_box_datables\":false,\"dataTable_pagination_style\":null,\"datatable_search_string\":\"\",\"datatable_result_start\":\"\",\"datatable_result_of\":\"\",\"datatable_result_to\":\"\",\"datatable_result_total\":\"\",\"datatable_result_show\":\"\",\"datatable_result_entries\":\"\",\"wpgmza_savemap\":\"Enregistrer la carte \\u00bb\"}}' data-map-id='1' Data-maps-engine='google-maps' data-shortcode-attributes='{\"id\":\"1\"}' style=\"display:block; overflow:auto; width:100%; height:400px; float:left;\"><\/div>[\/vc_column_text][\/vc_column][\/vc_row]<\/p>\n","protected":false},"excerpt":{"rendered":"<p>[vc_row][vc_column][vc_column_text]FORMATION PROFESSIONNELLE INDIVIDUELLE POUR LES M\u00c9TIERS DE LA SC\u00c8NE Am\u00e9liorer sa pratique &amp; sa techniques vocale La voix est un support de communication ; le chant un prolongement de la voix parl\u00e9e. Un geste vocal assur\u00e9 favorise les facult\u00e9s vocales et oratoires de chacun. Le chanteur, musicien, com\u00e9dien, danseur, interpr\u00e8te trouvera dans cette formation mati\u00e8re [&hellip;]<\/p>\n","protected":false},"author":1,"featured_media":0,"parent":0,"menu_order":0,"comment_status":"closed","ping_status":"closed","template":"","meta":{"footnotes":""},"class_list":["post-403","page","type-page","status-publish","hentry"],"yoast_head":"<!-- This site is optimized with the Yoast SEO plugin v27.4 - https:\/\/yoast.com\/product\/yoast-seo-wordpress\/ -->\n<title>Formation individuelle perfectionner sa voix - Marine Chaboud - Naturopathe<\/title>\n<meta name=\"robots\" content=\"index, follow, max-snippet:-1, max-image-preview:large, max-video-preview:-1\" \/>\n<link rel=\"canonical\" href=\"https:\/\/www.marinechaboud-naturopathie.com\/index.php\/formation-individuelle-perfectionnerr-sa-voix\/\" \/>\n<meta property=\"og:locale\" content=\"fr_FR\" \/>\n<meta property=\"og:type\" content=\"article\" \/>\n<meta property=\"og:title\" content=\"Formation individuelle perfectionner sa voix - Marine Chaboud - Naturopathe\" \/>\n<meta property=\"og:description\" content=\"[vc_row][vc_column][vc_column_text]FORMATION PROFESSIONNELLE INDIVIDUELLE POUR LES M\u00c9TIERS DE LA SC\u00c8NE Am\u00e9liorer sa pratique &amp; sa techniques vocale La voix est un support de communication ; le chant un prolongement de la voix parl\u00e9e. Un geste vocal assur\u00e9 favorise les facult\u00e9s vocales et oratoires de chacun. Le chanteur, musicien, com\u00e9dien, danseur, interpr\u00e8te trouvera dans cette formation mati\u00e8re [&hellip;]\" \/>\n<meta property=\"og:url\" content=\"https:\/\/www.marinechaboud-naturopathie.com\/index.php\/formation-individuelle-perfectionnerr-sa-voix\/\" \/>\n<meta property=\"og:site_name\" content=\"Marine Chaboud - Naturopathe\" \/>\n<meta property=\"article:modified_time\" content=\"2024-02-13T14:51:55+00:00\" \/>\n<meta name=\"twitter:card\" content=\"summary_large_image\" \/>\n<meta name=\"twitter:label1\" content=\"Dur\u00e9e de lecture estim\u00e9e\" \/>\n\t<meta name=\"twitter:data1\" content=\"4 minutes\" \/>\n<script type=\"application\/ld+json\" class=\"yoast-schema-graph\">{\"@context\":\"https:\\\/\\\/schema.org\",\"@graph\":[{\"@type\":\"WebPage\",\"@id\":\"https:\\\/\\\/www.marinechaboud-naturopathie.com\\\/index.php\\\/formation-individuelle-perfectionnerr-sa-voix\\\/\",\"url\":\"https:\\\/\\\/www.marinechaboud-naturopathie.com\\\/index.php\\\/formation-individuelle-perfectionnerr-sa-voix\\\/\",\"name\":\"Formation individuelle perfectionner sa voix - Marine Chaboud - Naturopathe\",\"isPartOf\":{\"@id\":\"https:\\\/\\\/www.marinechaboud-naturopathie.com\\\/#website\"},\"datePublished\":\"2022-04-07T10:22:12+00:00\",\"dateModified\":\"2024-02-13T14:51:55+00:00\",\"breadcrumb\":{\"@id\":\"https:\\\/\\\/www.marinechaboud-naturopathie.com\\\/index.php\\\/formation-individuelle-perfectionnerr-sa-voix\\\/#breadcrumb\"},\"inLanguage\":\"fr-FR\",\"potentialAction\":[{\"@type\":\"ReadAction\",\"target\":[\"https:\\\/\\\/www.marinechaboud-naturopathie.com\\\/index.php\\\/formation-individuelle-perfectionnerr-sa-voix\\\/\"]}]},{\"@type\":\"BreadcrumbList\",\"@id\":\"https:\\\/\\\/www.marinechaboud-naturopathie.com\\\/index.php\\\/formation-individuelle-perfectionnerr-sa-voix\\\/#breadcrumb\",\"itemListElement\":[{\"@type\":\"ListItem\",\"position\":1,\"name\":\"Accueil\",\"item\":\"https:\\\/\\\/www.marinechaboud-naturopathie.com\\\/\"},{\"@type\":\"ListItem\",\"position\":2,\"name\":\"Formation individuelle perfectionner sa voix\"}]},{\"@type\":\"WebSite\",\"@id\":\"https:\\\/\\\/www.marinechaboud-naturopathie.com\\\/#website\",\"url\":\"https:\\\/\\\/www.marinechaboud-naturopathie.com\\\/\",\"name\":\"Marine Chaboud - Naturopathe\",\"description\":\"Naturopathie, p\u00e9rinatalit\u00e9, th\u00e9rapie vocale\",\"potentialAction\":[{\"@type\":\"SearchAction\",\"target\":{\"@type\":\"EntryPoint\",\"urlTemplate\":\"https:\\\/\\\/www.marinechaboud-naturopathie.com\\\/?s={search_term_string}\"},\"query-input\":{\"@type\":\"PropertyValueSpecification\",\"valueRequired\":true,\"valueName\":\"search_term_string\"}}],\"inLanguage\":\"fr-FR\"}]}<\/script>\n<!-- \/ Yoast SEO plugin. -->","yoast_head_json":{"title":"Formation individuelle perfectionner sa voix - Marine Chaboud - Naturopathe","robots":{"index":"index","follow":"follow","max-snippet":"max-snippet:-1","max-image-preview":"max-image-preview:large","max-video-preview":"max-video-preview:-1"},"canonical":"https:\/\/www.marinechaboud-naturopathie.com\/index.php\/formation-individuelle-perfectionnerr-sa-voix\/","og_locale":"fr_FR","og_type":"article","og_title":"Formation individuelle perfectionner sa voix - Marine Chaboud - Naturopathe","og_description":"[vc_row][vc_column][vc_column_text]FORMATION PROFESSIONNELLE INDIVIDUELLE POUR LES M\u00c9TIERS DE LA SC\u00c8NE Am\u00e9liorer sa pratique &amp; sa techniques vocale La voix est un support de communication ; le chant un prolongement de la voix parl\u00e9e. Un geste vocal assur\u00e9 favorise les facult\u00e9s vocales et oratoires de chacun. Le chanteur, musicien, com\u00e9dien, danseur, interpr\u00e8te trouvera dans cette formation mati\u00e8re [&hellip;]","og_url":"https:\/\/www.marinechaboud-naturopathie.com\/index.php\/formation-individuelle-perfectionnerr-sa-voix\/","og_site_name":"Marine Chaboud - Naturopathe","article_modified_time":"2024-02-13T14:51:55+00:00","twitter_card":"summary_large_image","twitter_misc":{"Dur\u00e9e de lecture estim\u00e9e":"4 minutes"},"schema":{"@context":"https:\/\/schema.org","@graph":[{"@type":"WebPage","@id":"https:\/\/www.marinechaboud-naturopathie.com\/index.php\/formation-individuelle-perfectionnerr-sa-voix\/","url":"https:\/\/www.marinechaboud-naturopathie.com\/index.php\/formation-individuelle-perfectionnerr-sa-voix\/","name":"Formation individuelle perfectionner sa voix - Marine Chaboud - Naturopathe","isPartOf":{"@id":"https:\/\/www.marinechaboud-naturopathie.com\/#website"},"datePublished":"2022-04-07T10:22:12+00:00","dateModified":"2024-02-13T14:51:55+00:00","breadcrumb":{"@id":"https:\/\/www.marinechaboud-naturopathie.com\/index.php\/formation-individuelle-perfectionnerr-sa-voix\/#breadcrumb"},"inLanguage":"fr-FR","potentialAction":[{"@type":"ReadAction","target":["https:\/\/www.marinechaboud-naturopathie.com\/index.php\/formation-individuelle-perfectionnerr-sa-voix\/"]}]},{"@type":"BreadcrumbList","@id":"https:\/\/www.marinechaboud-naturopathie.com\/index.php\/formation-individuelle-perfectionnerr-sa-voix\/#breadcrumb","itemListElement":[{"@type":"ListItem","position":1,"name":"Accueil","item":"https:\/\/www.marinechaboud-naturopathie.com\/"},{"@type":"ListItem","position":2,"name":"Formation individuelle perfectionner sa voix"}]},{"@type":"WebSite","@id":"https:\/\/www.marinechaboud-naturopathie.com\/#website","url":"https:\/\/www.marinechaboud-naturopathie.com\/","name":"Marine Chaboud - Naturopathe","description":"Naturopathie, p\u00e9rinatalit\u00e9, th\u00e9rapie vocale","potentialAction":[{"@type":"SearchAction","target":{"@type":"EntryPoint","urlTemplate":"https:\/\/www.marinechaboud-naturopathie.com\/?s={search_term_string}"},"query-input":{"@type":"PropertyValueSpecification","valueRequired":true,"valueName":"search_term_string"}}],"inLanguage":"fr-FR"}]}},"_links":{"self":[{"href":"https:\/\/www.marinechaboud-naturopathie.com\/index.php\/wp-json\/wp\/v2\/pages\/403","targetHints":{"allow":["GET"]}}],"collection":[{"href":"https:\/\/www.marinechaboud-naturopathie.com\/index.php\/wp-json\/wp\/v2\/pages"}],"about":[{"href":"https:\/\/www.marinechaboud-naturopathie.com\/index.php\/wp-json\/wp\/v2\/types\/page"}],"author":[{"embeddable":true,"href":"https:\/\/www.marinechaboud-naturopathie.com\/index.php\/wp-json\/wp\/v2\/users\/1"}],"replies":[{"embeddable":true,"href":"https:\/\/www.marinechaboud-naturopathie.com\/index.php\/wp-json\/wp\/v2\/comments?post=403"}],"version-history":[{"count":0,"href":"https:\/\/www.marinechaboud-naturopathie.com\/index.php\/wp-json\/wp\/v2\/pages\/403\/revisions"}],"wp:attachment":[{"href":"https:\/\/www.marinechaboud-naturopathie.com\/index.php\/wp-json\/wp\/v2\/media?parent=403"}],"curies":[{"name":"wp","href":"https:\/\/api.w.org\/{rel}","templated":true}]}}