{"id":400,"date":"2022-04-07T12:21:45","date_gmt":"2022-04-07T10:21:45","guid":{"rendered":"http:\/\/www.marinechaboud-naturopathie.com\/?page_id=400"},"modified":"2024-02-13T15:45:09","modified_gmt":"2024-02-13T14:45:09","slug":"travailler-sa-voix","status":"publish","type":"page","link":"https:\/\/www.marinechaboud-naturopathie.com\/index.php\/travailler-sa-voix\/","title":{"rendered":"Travailler sa voix"},"content":{"rendered":"<p>[vc_row][vc_column]<div class=\" separator separator_center\" style=\"width:30px%; \">\n\t\t\t\t\t<span class=\"sep_holder sep_holder_l\"><span style=\"border-top-style:solid; border-color:#fe9174\" class=\"sep_line\"><\/span><\/span>\n\t\t\t\t\t\n\t\t\t\t\t<span class=\"sep_holder sep_holder_r\"><span style=\"border-top-style:solid; border-color:#fe9174\" class=\"sep_line\"><\/span><\/span>\n\t\t\t\t<\/div>[vc_column_text]<\/p>\n<blockquote><p><strong><em>La relation du sujet \u00e0 sa propre voix est capitale car elle<\/em><\/strong><br \/>\n<strong><em>t\u00e9moigne de l\u2019int\u00e9gration de la voix \u00e0 son identit\u00e9,<\/em><\/strong><br \/>\n<strong><em>de la correspondance de la voix \u00e0 son caract\u00e8re.<\/em><\/strong><\/p><\/blockquote>\n<p><strong><em>Public<\/em><\/strong><\/p>\n<p>\u2022 Professionnels ayant pour outils de communication et d\u2019\u00e9change<br \/>\n\u00ab leur voix \u00bb.<\/p>\n<p><strong><em>Pr\u00e9requis<\/em><\/strong><br \/>\n\u2022 Se sentir concern\u00e9 par l\u2019approche de la voix et de la respiration<br \/>\n\u2022 Se sentir motiv\u00e9 par l\u2019approche \u00ab th\u00e9rapeutique et sensorielle \u00bb<br \/>\nde la voix<\/p>\n<p><strong><em>Objectifs<\/em><\/strong><\/p>\n<p>\u2022 Prot\u00e9ger sa voix en apprenant \u00e0 s\u2019en servir.<br \/>\n\u2022 D\u00e9velopper la conscience corporelle, sensorielle, vibratoire par le son,<br \/>\nle souffle, le chant.<br \/>\n\u2022 Sentir le geste respiratoire, vocal, en lien avec le p\u00e9rin\u00e9e.<br \/>\n\u2022 Maitriser les angoisses et le stress.<br \/>\n\u2022 Conna\u00eetre les principes de l\u2019hygi\u00e8ne vocale.<br \/>\n\u2022 Eviter un for\u00e7age vocal et savoir l\u2019appr\u00e9hender<br \/>\n\u2022 Avoir de multiples outils pour la pr\u00e9paration du corps, la mise en son<br \/>\net en voix, l\u2019expressivit\u00e9, en direction de publics et de contextes<br \/>\ndiff\u00e9rents : adultes, enfants, personnes \u00e2g\u00e9es, personnes en difficult\u00e9s.<\/p>\n<p><strong><em>Modalit\u00e9s g\u00e9n\u00e9rales<\/em><\/strong><br \/>\nUn effectif de 12 participants maximum<\/p>\n<p><strong><em>Structure de la formation<\/em><\/strong><br \/>\n\u2022 8 jours soit 56 heures<br \/>\n\u2022 Chaque module \u00e0 lieu \u00e0 S\u00e8te (34) o\u00f9 ailleurs sur devis.<\/p>\n<p>Elle s\u2019organise en un cycle de 4 sessions :<\/p>\n<p>\u2022 1 \/ Module de formation th\u00e9orique et pratique : 2 jours 14h<br \/>\n\u2022 2 \/ Module de formation pratique : 2 jours 14h<br \/>\n\u2022 3 \/ Module de formation pratique : 2 jours 14h<br \/>\n\u2022 4 \/ Module de formation pratique : 2 jours 14h[\/vc_column_text][\/vc_column][\/vc_row][vc_row][vc_column width=&#8221;1\/2&#8243;]<div class=\" agni-image custom-image-container text-left\"><div class=\"wpb_wrapper\"><img loading=\"lazy\" decoding=\"async\" style=\"\" width=\"2048\" height=\"1536\" src=\"https:\/\/www.marinechaboud-naturopathie.com\/wp-content\/uploads\/2023\/07\/IMG-20230608-WA0036.jpg\" class=\"fullwidth-image attachment-full  attachment-full\" alt=\"\" srcset=\"https:\/\/www.marinechaboud-naturopathie.com\/wp-content\/uploads\/2023\/07\/IMG-20230608-WA0036.jpg 2048w, https:\/\/www.marinechaboud-naturopathie.com\/wp-content\/uploads\/2023\/07\/IMG-20230608-WA0036-300x225.jpg 300w, https:\/\/www.marinechaboud-naturopathie.com\/wp-content\/uploads\/2023\/07\/IMG-20230608-WA0036-1024x768.jpg 1024w, https:\/\/www.marinechaboud-naturopathie.com\/wp-content\/uploads\/2023\/07\/IMG-20230608-WA0036-768x576.jpg 768w, https:\/\/www.marinechaboud-naturopathie.com\/wp-content\/uploads\/2023\/07\/IMG-20230608-WA0036-1536x1152.jpg 1536w, https:\/\/www.marinechaboud-naturopathie.com\/wp-content\/uploads\/2023\/07\/IMG-20230608-WA0036-1080x810.jpg 1080w, https:\/\/www.marinechaboud-naturopathie.com\/wp-content\/uploads\/2023\/07\/IMG-20230608-WA0036-640x480.jpg 640w\" sizes=\"auto, (max-width: 2048px) 100vw, 2048px\" \/><\/div><\/div>[vc_column_text][\/vc_column_text][\/vc_column][vc_column width=&#8221;1\/2&#8243;][vc_column_text]<em><strong>Tarifs<\/strong><\/em><\/p>\n<p><strong>1960 \u20ac ht (soit 490 \u20ac ht \/ module)<\/strong><br \/>\nCette formation peut \u00eatre prise en charge dans le cadre de dispositif<br \/>\nde financement de la formation professionnelle telle que l\u2019AFDAS, Uniformation, OPCA).<br \/>\nSi vous ne disposez pas de prise en charge, veuillez me contacter directement.<\/p>\n<p><em><strong>DATES<\/strong><\/em><\/p>\n<p>A d\u00e9finir<\/p>\n<p><em><strong>Horaires<\/strong><\/em><br \/>\n9h30-12h30 et 14h-18h00<\/p>\n<p><em><strong>LIEU<\/strong><\/em><br \/>\nS\u00e8te et\/ou sur devis<\/p>\n<p>Formation en pr\u00e9sentiel, alternant des temps de r\u00e9flexion sur la pratique<br \/>\net l\u2019exp\u00e9rience, des exercices et des mises en situation pratiques.[\/vc_column_text][\/vc_column][\/vc_row][vc_row act_as_table=&#8221;act_as_table&#8221; bg_color=&#8221;#245972&#8243; margin_top=&#8221;50&#8243; margin_right=&#8221;0&#8243; margin_bottom=&#8221;0&#8243; margin_left=&#8221;0&#8243; padding_top=&#8221;0&#8243; padding_right=&#8221;0&#8243; padding_bottom=&#8221;0&#8243; padding_left=&#8221;0&#8243; border_top=&#8221;0&#8243; border_right=&#8221;0&#8243; border_bottom=&#8221;0&#8243; border_left=&#8221;0&#8243;][vc_column width=&#8221;1\/2&#8243;]<div class=\" agni-image custom-image-container text-center\"><div class=\"wpb_wrapper\"><img loading=\"lazy\" decoding=\"async\" style=\"\" width=\"550\" height=\"320\" src=\"https:\/\/www.marinechaboud-naturopathie.com\/wp-content\/uploads\/2022\/04\/badeau-the\u0301rapies-vocales-nadine-marfurt-9tKZ656Cp-w-unsplash.jpg\" class=\"fullwidth-image attachment-full image-has-background attachment-full\" alt=\"Bandeau Th\u00e9rapies vocales\" srcset=\"https:\/\/www.marinechaboud-naturopathie.com\/wp-content\/uploads\/2022\/04\/badeau-the\u0301rapies-vocales-nadine-marfurt-9tKZ656Cp-w-unsplash.jpg 550w, https:\/\/www.marinechaboud-naturopathie.com\/wp-content\/uploads\/2022\/04\/badeau-the\u0301rapies-vocales-nadine-marfurt-9tKZ656Cp-w-unsplash-300x175.jpg 300w\" sizes=\"auto, (max-width: 550px) 100vw, 550px\" \/><\/div><\/div>[\/vc_column][vc_column width=&#8221;1\/2&#8243;][vc_column_text]<\/p>\n<h3>Un temps pour soi<\/h3>\n<h4>Prendre un rendez-vous<br \/>\nau cabinet ou en visio<\/h4>\n<p>[\/vc_column_text]<div class=\" call-to-action call-to-action-style-1\"><div class=\"call-to-action-description\"><h4 class=\"call-to-action-heading\">Call to action<\/h4><p class=\"call-to-action-additonal\">Call to action additional text<\/p><\/div><a class=\"btn  btn-primary  call-to-action-button\" target=\"_self\" href=\"http:\/\/www.marinechaboud-naturopathie.com\/index.php\/prendre-rdv\/\" style=\"margin-top: 10px; \"> Prendre RDV<\/a><\/div>[\/vc_column][\/vc_row][vc_row margin_top=&#8221;100px&#8221;][vc_column]<div class=\" section-heading text-center ihda\"><h2 class=\"heading\" style=\"font-size:34px\">D\u00e9couvrir les formations<\/h2><\/div><div class=\" agni-image custom-image-container text-center\"><div class=\"wpb_wrapper\"><img loading=\"lazy\" decoding=\"async\" style=\"\" width=\"300\" height=\"95\" src=\"https:\/\/www.marinechaboud-naturopathie.com\/wp-content\/uploads\/2023\/09\/formavoix-LOGO-bichro-300x95.png\" class=\"fullwidth-image attachment-medium  attachment-medium\" alt=\"Logo Formavoix\" srcset=\"https:\/\/www.marinechaboud-naturopathie.com\/wp-content\/uploads\/2023\/09\/formavoix-LOGO-bichro-300x95.png 300w, https:\/\/www.marinechaboud-naturopathie.com\/wp-content\/uploads\/2023\/09\/formavoix-LOGO-bichro.png 406w\" sizes=\"auto, (max-width: 300px) 100vw, 300px\" \/><\/div><\/div>[vc_empty_space][vc_column_text]<\/p>\n<h5>Pour les entreprises<\/h5>\n<p>\n<div\n    class='wp-block-pdfp-pdf-poster  alignnone'\n    id='block-2'\n    data-attributes='{&quot;uniqueId&quot;:&quot;pdfp1&quot;,&quot;file&quot;:&quot;https:\\\/\\\/www.marinechaboud-naturopathie.com\\\/wp-content\\\/uploads\\\/2023\\\/09\\\/formavoix-entreprises-web.pdf&quot;,&quot;title&quot;:&quot;Formavoix &#8211; Formations Entreprises&quot;,&quot;height&quot;:&quot;842px&quot;,&quot;width&quot;:&quot;100%&quot;,&quot;print&quot;:false,&quot;fullscreenButton&quot;:&quot;1&quot;,&quot;newWindow&quot;:false,&quot;showName&quot;:true,&quot;downloadButton&quot;:false,&quot;downloadButtonText&quot;:&quot;Download File&quot;,&quot;protect&quot;:false,&quot;onlyPDF&quot;:false,&quot;defaultBrowser&quot;:false,&quot;thumbMenu&quot;:false,&quot;initialPage&quot;:0,&quot;sidebarOpen&quot;:false,&quot;lastVersion&quot;:false,&quot;hrScroll&quot;:0,&quot;alert&quot;:true,&quot;btnStyles&quot;:{&quot;background&quot;:&quot;#1e73be&quot;,&quot;color&quot;:&quot;#fff&quot;,&quot;fontSize&quot;:&quot;1rem&quot;,&quot;padding&quot;:{&quot;top&quot;:10,&quot;right&quot;:20,&quot;bottom&quot;:10,&quot;left&quot;:10}},&quot;popupOptions&quot;:{&quot;enabled&quot;:0,&quot;text&quot;:&quot;Open PDF&quot;,&quot;triggerType&quot;:&quot;button&quot;,&quot;image&quot;:&quot;&quot;,&quot;imageHeight&quot;:&quot;200px&quot;,&quot;imageWidth&quot;:&quot;300px&quot;,&quot;imagePdfIcon&quot;:true,&quot;triggerAlignment&quot;:&quot;center&quot;,&quot;btnStyle&quot;:{&quot;background&quot;:&quot;#1e73be&quot;,&quot;color&quot;:&quot;#fff&quot;,&quot;fontSize&quot;:&quot;1rem&quot;,&quot;padding&quot;:{&quot;top&quot;:10,&quot;right&quot;:20,&quot;bottom&quot;:10,&quot;left&quot;:10}}},&quot;actionsPosition&quot;:&quot;top&quot;,&quot;socialShare&quot;:{&quot;enabled&quot;:false,&quot;facebook&quot;:false,&quot;twitter&quot;:false,&quot;linkedin&quot;:false,&quot;pinterest&quot;:false,&quot;position&quot;:&quot;top&quot;},&quot;adobeEmbedder&quot;:false,&quot;align&quot;:&quot;none&quot;,&quot;alignment&quot;:&quot;left&quot;,&quot;titleFontSize&quot;:&quot;16px&quot;,&quot;fullscreenButtonText&quot;:&quot;View Fullscreen&quot;,&quot;isHideRightToolbar&quot;:false,&quot;additional&quot;:{&quot;ID&quot;:&quot;&quot;,&quot;Class&quot;:&quot;&quot;,&quot;CSS&quot;:&quot;&quot;},&quot;adobeOptions&quot;:{&quot;showDownloadPDF&quot;:true,&quot;showPrintPDF&quot;:true,&quot;showAnnotationTools&quot;:true,&quot;showFullScreen&quot;:false,&quot;embedMode&quot;:&quot;SIZED_CONTAINER&quot;},&quot;popupBtnStyle&quot;:{&quot;background&quot;:&quot;#2271b1&quot;,&quot;color&quot;:&quot;#fff&quot;,&quot;padding&quot;:{&quot;top&quot;:10,&quot;right&quot;:20,&quot;bottom&quot;:10,&quot;left&quot;:10}},&quot;popupBtnText&quot;:&quot;Open Document&quot;,&quot;CSS&quot;:&quot;&quot;,&quot;isPremium&quot;:false}'\n    style=\"text-align: left\">\n    \n        <iframe loading=\"lazy\" title=\"Formavoix &#8211; Formations Entreprises\" style=\"border:0;\" width=\"100%\" height=\"800px\" class=\"pdfp_unsupported_frame\" src=\"\/\/docs.google.com\/gview?embedded=true&url=https:\/\/www.marinechaboud-naturopathie.com\/wp-content\/uploads\/2023\/09\/formavoix-entreprises-web.pdf\"><\/iframe>\n\n    <\/div>\n[\/vc_column_text][vc_column_text]<\/p>\n<h5>Pour les particuliers<\/h5>\n<div class=\"shortcode\">\n<div\n    class='wp-block-pdfp-pdf-poster  alignnone'\n    id='block-4'\n    data-attributes='{&quot;uniqueId&quot;:&quot;pdfp3&quot;,&quot;file&quot;:&quot;https:\\\/\\\/www.marinechaboud-naturopathie.com\\\/wp-content\\\/uploads\\\/2023\\\/12\\\/formavoix-particuliers-web.pdf&quot;,&quot;title&quot;:&quot;Formavoix &#8211; Formations Particuliers&quot;,&quot;height&quot;:&quot;842px&quot;,&quot;width&quot;:&quot;100%&quot;,&quot;print&quot;:false,&quot;fullscreenButton&quot;:&quot;1&quot;,&quot;newWindow&quot;:false,&quot;showName&quot;:true,&quot;downloadButton&quot;:false,&quot;downloadButtonText&quot;:&quot;Download File&quot;,&quot;protect&quot;:false,&quot;onlyPDF&quot;:false,&quot;defaultBrowser&quot;:false,&quot;thumbMenu&quot;:false,&quot;initialPage&quot;:0,&quot;sidebarOpen&quot;:false,&quot;lastVersion&quot;:false,&quot;hrScroll&quot;:0,&quot;alert&quot;:true,&quot;btnStyles&quot;:{&quot;background&quot;:&quot;#1e73be&quot;,&quot;color&quot;:&quot;#fff&quot;,&quot;fontSize&quot;:&quot;1rem&quot;,&quot;padding&quot;:{&quot;top&quot;:10,&quot;right&quot;:20,&quot;bottom&quot;:10,&quot;left&quot;:10}},&quot;popupOptions&quot;:{&quot;enabled&quot;:0,&quot;text&quot;:&quot;Open PDF&quot;,&quot;triggerType&quot;:&quot;button&quot;,&quot;image&quot;:&quot;&quot;,&quot;imageHeight&quot;:&quot;200px&quot;,&quot;imageWidth&quot;:&quot;300px&quot;,&quot;imagePdfIcon&quot;:true,&quot;triggerAlignment&quot;:&quot;center&quot;,&quot;btnStyle&quot;:{&quot;background&quot;:&quot;#1e73be&quot;,&quot;color&quot;:&quot;#fff&quot;,&quot;fontSize&quot;:&quot;1rem&quot;,&quot;padding&quot;:{&quot;top&quot;:10,&quot;right&quot;:20,&quot;bottom&quot;:10,&quot;left&quot;:10}}},&quot;actionsPosition&quot;:&quot;top&quot;,&quot;socialShare&quot;:{&quot;enabled&quot;:false,&quot;facebook&quot;:false,&quot;twitter&quot;:false,&quot;linkedin&quot;:false,&quot;pinterest&quot;:false,&quot;position&quot;:&quot;top&quot;},&quot;adobeEmbedder&quot;:false,&quot;align&quot;:&quot;none&quot;,&quot;alignment&quot;:&quot;left&quot;,&quot;titleFontSize&quot;:&quot;16px&quot;,&quot;fullscreenButtonText&quot;:&quot;View Fullscreen&quot;,&quot;isHideRightToolbar&quot;:false,&quot;additional&quot;:{&quot;ID&quot;:&quot;&quot;,&quot;Class&quot;:&quot;&quot;,&quot;CSS&quot;:&quot;&quot;},&quot;adobeOptions&quot;:{&quot;showDownloadPDF&quot;:true,&quot;showPrintPDF&quot;:true,&quot;showAnnotationTools&quot;:true,&quot;showFullScreen&quot;:false,&quot;embedMode&quot;:&quot;SIZED_CONTAINER&quot;},&quot;popupBtnStyle&quot;:{&quot;background&quot;:&quot;#2271b1&quot;,&quot;color&quot;:&quot;#fff&quot;,&quot;padding&quot;:{&quot;top&quot;:10,&quot;right&quot;:20,&quot;bottom&quot;:10,&quot;left&quot;:10}},&quot;popupBtnText&quot;:&quot;Open Document&quot;,&quot;CSS&quot;:&quot;&quot;,&quot;isPremium&quot;:false}'\n    style=\"text-align: left\">\n    \n        <iframe loading=\"lazy\" title=\"Formavoix &#8211; Formations Particuliers\" style=\"border:0;\" width=\"100%\" height=\"800px\" class=\"pdfp_unsupported_frame\" src=\"\/\/docs.google.com\/gview?embedded=true&url=https:\/\/www.marinechaboud-naturopathie.com\/wp-content\/uploads\/2023\/12\/formavoix-particuliers-web.pdf\"><\/iframe>\n\n    <\/div>\n<\/div>\n<p>[\/vc_column_text][\/vc_column][\/vc_row][vc_row margin_top=&#8221;100px&#8221;][vc_column][vc_column_text]<div id=\"wpgmza_map\" class=\"wpgmza_map\" data-settings='{\"id\":\"1\",\"map_title\":\"Marine Chaboud - Naturopathie\",\"map_width\":\"100\",\"map_height\":\"400\",\"map_start_lat\":\"43.40459890000001\",\"map_start_lng\":\"3.6938033000000114\",\"map_start_location\":\"45.950464398418106,-109.81550500000003\",\"map_start_zoom\":\"16\",\"default_marker\":\"\",\"type\":\"1\",\"alignment\":\"4\",\"directions_enabled\":\"0\",\"styling_enabled\":\"0\",\"styling_json\":\"\",\"active\":\"0\",\"kml\":\"\",\"bicycle\":\"0\",\"traffic\":\"0\",\"dbox\":\"0\",\"dbox_width\":\"\",\"listmarkers\":\"0\",\"listmarkers_advanced\":\"0\",\"filterbycat\":\"0\",\"ugm_enabled\":\"0\",\"ugm_category_enabled\":\"0\",\"fusion\":\"\",\"map_width_type\":\"%\",\"map_height_type\":\"px\",\"mass_marker_support\":\"0\",\"ugm_access\":\"0\",\"order_markers_by\":\"0\",\"order_markers_choice\":\"0\",\"show_user_location\":\"0\",\"default_to\":\"\",\"other_settings\":{\"map_type\":1,\"sl_stroke_color\":\"\",\"sl_fill_color\":\"\",\"sl_stroke_opacity\":\"\",\"sl_fill_opacity\":\"\",\"transport_layer\":false,\"action\":\"wpgmza_save_map\",\"redirect_to\":\"\\\/wp-admin\\\/admin-post.php\",\"map_id\":\"1\",\"http_referer\":\"\\\/wp-admin\\\/admin.php?page=wp-google-maps-menu&amp;amp;action=edit&amp;amp;map_id=1\",\"wpgmza_id\":\"1\",\"wpgmza_start_location\":\"43.40459890000001,3.6938033000000114\",\"wpgmza_start_zoom\":\"16\",\"wpgmza_theme_data\":\"\",\"store_locator_enabled\":false,\"store_locator_search_area\":\"radial\",\"wpgmza_store_locator_radius_style\":\"legacy\",\"wpgmza_store_locator_default_radius\":\"10\",\"store_locator_auto_area_max_zoom\":\"\",\"store_locator_distance\":false,\"wpgmza_store_locator_position\":false,\"store_locator_show_distance\":false,\"store_locator_category\":false,\"wpgmza_store_locator_use_their_location\":false,\"wpgmza_store_locator_bounce\":false,\"wpgmza_sl_animation\":null,\"wpgmza_store_locator_hide_before_search\":false,\"store_locator_query_string\":\"\",\"store_locator_default_address\":\"\",\"store_locator_name_search\":false,\"store_locator_name_string\":\"\",\"store_locator_not_found_message\":\"\",\"wpgmza_map_align\":\"1\",\"jump_to_nearest_marker_on_initialization\":false,\"automatically_pan_to_users_location\":false,\"override_users_location_zoom_level\":false,\"override_users_location_zoom_levels\":\"\",\"show_distance_from_location\":false,\"map_max_zoom\":\"21\",\"map_min_zoom\":\"0\",\"click_open_link\":false,\"fit_maps_bounds_to_markers\":false,\"fit_maps_bounds_to_markers_after_filtering\":false,\"hide_point_of_interest\":false,\"wpgmza_zoom_on_marker_click\":false,\"wpgmza_zoom_on_marker_click_slider\":\"\",\"close_infowindow_on_map_click\":false,\"disable_lightbox_images\":false,\"use_Raw_Jpeg_Coordinates\":false,\"polygon_labels\":false,\"disable_polygon_info_windows\":false,\"enable_marker_ratings\":false,\"only_load_markers_within_viewport\":false,\"iw_primary_color\":\"#000000\",\"iw_accent_color\":\"#000000\",\"iw_text_color\":\"#000000\",\"wpgmza_listmarkers_by\":\"0\",\"wpgmza_marker_listing_position\":false,\"wpgmza_push_in_map\":false,\"wpgmza_push_in_map_placement\":null,\"wpgmza_push_in_map_width\":\"\",\"wpgmza_push_in_map_height\":\"\",\"zoom_level_on_marker_listing_override\":false,\"zoom_level_on_marker_listing_click\":\"\",\"datatable_no_result_message\":\"\",\"remove_search_box_datables\":false,\"dataTable_pagination_style\":null,\"datatable_search_string\":\"\",\"datatable_result_start\":\"\",\"datatable_result_of\":\"\",\"datatable_result_to\":\"\",\"datatable_result_total\":\"\",\"datatable_result_show\":\"\",\"datatable_result_entries\":\"\",\"wpgmza_savemap\":\"Enregistrer la carte \\u00bb\"}}' data-map-id='1' Data-maps-engine='google-maps' data-shortcode-attributes='{\"id\":\"1\"}' style=\"display:block; overflow:auto; width:100%; height:400px; float:left;\"><\/div>[\/vc_column_text][\/vc_column][\/vc_row][vc_row][vc_column][\/vc_column][\/vc_row]<\/p>\n","protected":false},"excerpt":{"rendered":"<p>[vc_row][vc_column][vc_column_text] La relation du sujet \u00e0 sa propre voix est capitale car elle t\u00e9moigne de l\u2019int\u00e9gration de la voix \u00e0 son identit\u00e9, de la correspondance de la voix \u00e0 son caract\u00e8re. Public \u2022 Professionnels ayant pour outils de communication et d\u2019\u00e9change \u00ab leur voix \u00bb. Pr\u00e9requis \u2022 Se sentir concern\u00e9 par l\u2019approche de la voix [&hellip;]<\/p>\n","protected":false},"author":1,"featured_media":0,"parent":0,"menu_order":0,"comment_status":"closed","ping_status":"closed","template":"","meta":{"footnotes":""},"class_list":["post-400","page","type-page","status-publish","hentry"],"yoast_head":"<!-- This site is optimized with the Yoast SEO plugin v27.3 - https:\/\/yoast.com\/product\/yoast-seo-wordpress\/ -->\n<title>Travailler sa voix - Marine Chaboud - Naturopathe<\/title>\n<meta name=\"robots\" content=\"index, follow, max-snippet:-1, max-image-preview:large, max-video-preview:-1\" \/>\n<link rel=\"canonical\" href=\"https:\/\/www.marinechaboud-naturopathie.com\/index.php\/travailler-sa-voix\/\" \/>\n<meta property=\"og:locale\" content=\"fr_FR\" \/>\n<meta property=\"og:type\" content=\"article\" \/>\n<meta property=\"og:title\" content=\"Travailler sa voix - Marine Chaboud - Naturopathe\" \/>\n<meta property=\"og:description\" content=\"[vc_row][vc_column][vc_column_text] La relation du sujet \u00e0 sa propre voix est capitale car elle t\u00e9moigne de l\u2019int\u00e9gration de la voix \u00e0 son identit\u00e9, de la correspondance de la voix \u00e0 son caract\u00e8re. Public \u2022 Professionnels ayant pour outils de communication et d\u2019\u00e9change \u00ab leur voix \u00bb. Pr\u00e9requis \u2022 Se sentir concern\u00e9 par l\u2019approche de la voix [&hellip;]\" \/>\n<meta property=\"og:url\" content=\"https:\/\/www.marinechaboud-naturopathie.com\/index.php\/travailler-sa-voix\/\" \/>\n<meta property=\"og:site_name\" content=\"Marine Chaboud - Naturopathe\" \/>\n<meta property=\"article:modified_time\" content=\"2024-02-13T14:45:09+00:00\" \/>\n<meta name=\"twitter:card\" content=\"summary_large_image\" \/>\n<meta name=\"twitter:label1\" content=\"Dur\u00e9e de lecture estim\u00e9e\" \/>\n\t<meta name=\"twitter:data1\" content=\"2 minutes\" \/>\n<script type=\"application\/ld+json\" class=\"yoast-schema-graph\">{\"@context\":\"https:\\\/\\\/schema.org\",\"@graph\":[{\"@type\":\"WebPage\",\"@id\":\"https:\\\/\\\/www.marinechaboud-naturopathie.com\\\/index.php\\\/travailler-sa-voix\\\/\",\"url\":\"https:\\\/\\\/www.marinechaboud-naturopathie.com\\\/index.php\\\/travailler-sa-voix\\\/\",\"name\":\"Travailler sa voix - Marine Chaboud - Naturopathe\",\"isPartOf\":{\"@id\":\"https:\\\/\\\/www.marinechaboud-naturopathie.com\\\/#website\"},\"datePublished\":\"2022-04-07T10:21:45+00:00\",\"dateModified\":\"2024-02-13T14:45:09+00:00\",\"breadcrumb\":{\"@id\":\"https:\\\/\\\/www.marinechaboud-naturopathie.com\\\/index.php\\\/travailler-sa-voix\\\/#breadcrumb\"},\"inLanguage\":\"fr-FR\",\"potentialAction\":[{\"@type\":\"ReadAction\",\"target\":[\"https:\\\/\\\/www.marinechaboud-naturopathie.com\\\/index.php\\\/travailler-sa-voix\\\/\"]}]},{\"@type\":\"BreadcrumbList\",\"@id\":\"https:\\\/\\\/www.marinechaboud-naturopathie.com\\\/index.php\\\/travailler-sa-voix\\\/#breadcrumb\",\"itemListElement\":[{\"@type\":\"ListItem\",\"position\":1,\"name\":\"Accueil\",\"item\":\"https:\\\/\\\/www.marinechaboud-naturopathie.com\\\/\"},{\"@type\":\"ListItem\",\"position\":2,\"name\":\"Travailler sa voix\"}]},{\"@type\":\"WebSite\",\"@id\":\"https:\\\/\\\/www.marinechaboud-naturopathie.com\\\/#website\",\"url\":\"https:\\\/\\\/www.marinechaboud-naturopathie.com\\\/\",\"name\":\"Marine Chaboud - Naturopathe\",\"description\":\"Naturopathie, p\u00e9rinatalit\u00e9, th\u00e9rapie vocale\",\"potentialAction\":[{\"@type\":\"SearchAction\",\"target\":{\"@type\":\"EntryPoint\",\"urlTemplate\":\"https:\\\/\\\/www.marinechaboud-naturopathie.com\\\/?s={search_term_string}\"},\"query-input\":{\"@type\":\"PropertyValueSpecification\",\"valueRequired\":true,\"valueName\":\"search_term_string\"}}],\"inLanguage\":\"fr-FR\"}]}<\/script>\n<!-- \/ Yoast SEO plugin. -->","yoast_head_json":{"title":"Travailler sa voix - Marine Chaboud - Naturopathe","robots":{"index":"index","follow":"follow","max-snippet":"max-snippet:-1","max-image-preview":"max-image-preview:large","max-video-preview":"max-video-preview:-1"},"canonical":"https:\/\/www.marinechaboud-naturopathie.com\/index.php\/travailler-sa-voix\/","og_locale":"fr_FR","og_type":"article","og_title":"Travailler sa voix - Marine Chaboud - Naturopathe","og_description":"[vc_row][vc_column][vc_column_text] La relation du sujet \u00e0 sa propre voix est capitale car elle t\u00e9moigne de l\u2019int\u00e9gration de la voix \u00e0 son identit\u00e9, de la correspondance de la voix \u00e0 son caract\u00e8re. Public \u2022 Professionnels ayant pour outils de communication et d\u2019\u00e9change \u00ab leur voix \u00bb. Pr\u00e9requis \u2022 Se sentir concern\u00e9 par l\u2019approche de la voix [&hellip;]","og_url":"https:\/\/www.marinechaboud-naturopathie.com\/index.php\/travailler-sa-voix\/","og_site_name":"Marine Chaboud - Naturopathe","article_modified_time":"2024-02-13T14:45:09+00:00","twitter_card":"summary_large_image","twitter_misc":{"Dur\u00e9e de lecture estim\u00e9e":"2 minutes"},"schema":{"@context":"https:\/\/schema.org","@graph":[{"@type":"WebPage","@id":"https:\/\/www.marinechaboud-naturopathie.com\/index.php\/travailler-sa-voix\/","url":"https:\/\/www.marinechaboud-naturopathie.com\/index.php\/travailler-sa-voix\/","name":"Travailler sa voix - Marine Chaboud - Naturopathe","isPartOf":{"@id":"https:\/\/www.marinechaboud-naturopathie.com\/#website"},"datePublished":"2022-04-07T10:21:45+00:00","dateModified":"2024-02-13T14:45:09+00:00","breadcrumb":{"@id":"https:\/\/www.marinechaboud-naturopathie.com\/index.php\/travailler-sa-voix\/#breadcrumb"},"inLanguage":"fr-FR","potentialAction":[{"@type":"ReadAction","target":["https:\/\/www.marinechaboud-naturopathie.com\/index.php\/travailler-sa-voix\/"]}]},{"@type":"BreadcrumbList","@id":"https:\/\/www.marinechaboud-naturopathie.com\/index.php\/travailler-sa-voix\/#breadcrumb","itemListElement":[{"@type":"ListItem","position":1,"name":"Accueil","item":"https:\/\/www.marinechaboud-naturopathie.com\/"},{"@type":"ListItem","position":2,"name":"Travailler sa voix"}]},{"@type":"WebSite","@id":"https:\/\/www.marinechaboud-naturopathie.com\/#website","url":"https:\/\/www.marinechaboud-naturopathie.com\/","name":"Marine Chaboud - Naturopathe","description":"Naturopathie, p\u00e9rinatalit\u00e9, th\u00e9rapie vocale","potentialAction":[{"@type":"SearchAction","target":{"@type":"EntryPoint","urlTemplate":"https:\/\/www.marinechaboud-naturopathie.com\/?s={search_term_string}"},"query-input":{"@type":"PropertyValueSpecification","valueRequired":true,"valueName":"search_term_string"}}],"inLanguage":"fr-FR"}]}},"_links":{"self":[{"href":"https:\/\/www.marinechaboud-naturopathie.com\/index.php\/wp-json\/wp\/v2\/pages\/400","targetHints":{"allow":["GET"]}}],"collection":[{"href":"https:\/\/www.marinechaboud-naturopathie.com\/index.php\/wp-json\/wp\/v2\/pages"}],"about":[{"href":"https:\/\/www.marinechaboud-naturopathie.com\/index.php\/wp-json\/wp\/v2\/types\/page"}],"author":[{"embeddable":true,"href":"https:\/\/www.marinechaboud-naturopathie.com\/index.php\/wp-json\/wp\/v2\/users\/1"}],"replies":[{"embeddable":true,"href":"https:\/\/www.marinechaboud-naturopathie.com\/index.php\/wp-json\/wp\/v2\/comments?post=400"}],"version-history":[{"count":0,"href":"https:\/\/www.marinechaboud-naturopathie.com\/index.php\/wp-json\/wp\/v2\/pages\/400\/revisions"}],"wp:attachment":[{"href":"https:\/\/www.marinechaboud-naturopathie.com\/index.php\/wp-json\/wp\/v2\/media?parent=400"}],"curies":[{"name":"wp","href":"https:\/\/api.w.org\/{rel}","templated":true}]}}