{"id":339,"date":"2022-04-05T16:58:09","date_gmt":"2022-04-05T14:58:09","guid":{"rendered":"http:\/\/www.marinechaboud-naturopathie.com\/?page_id=339"},"modified":"2024-02-13T16:03:08","modified_gmt":"2024-02-13T15:03:08","slug":"grossesse-et-naturopathie","status":"publish","type":"page","link":"https:\/\/www.marinechaboud-naturopathie.com\/index.php\/grossesse-et-naturopathie\/","title":{"rendered":"Naturopathie pendant la grossesse"},"content":{"rendered":"<p>[vc_row][vc_column]<div class=\" separator separator_center\" style=\"width:30px%; \">\n\t\t\t\t\t<span class=\"sep_holder sep_holder_l\"><span style=\"border-top-style:solid; border-color:#fe9174\" class=\"sep_line\"><\/span><\/span>\n\t\t\t\t\t\n\t\t\t\t\t<span class=\"sep_holder sep_holder_r\"><span style=\"border-top-style:solid; border-color:#fe9174\" class=\"sep_line\"><\/span><\/span>\n\t\t\t\t<\/div>[\/vc_column][\/vc_row][vc_row][vc_column width=&#8221;1\/2&#8243;][vc_column_text]<strong>P\u00e9rinatalit\u00e9 \/\/ Accompagnement naturopathique et suivi de grossesse<\/strong><\/p>\n<p>&nbsp;<\/p>\n<p><strong>L\u2019ACCOMPAGNEMENT P\u00c9RINATAL<\/strong><\/p>\n<p>Je propose aux futurs parents un <strong>accompagnement global d\u00e8s leur d\u00e9sir de conception<\/strong>. Que celle-ci soit naturelle ou inscrite dans un parcours de PMA.<\/p>\n<p>On assiste aujourd\u2019hui \u00e0 des parcours de plus en plus difficiles dans la procr\u00e9ation. Les troubles de la fertilit\u00e9 sont de plus en plus fr\u00e9quents, et la naturopathie est un excellent alli\u00e9 pour pr\u00e9parer et concr\u00e9tiser son d\u00e9sir d\u2019enfant.<\/p>\n<p>J\u2019interviens en compl\u00e9ment de l\u2019accompagnement m\u00e9dical de la sage-femme ou de l\u2019obst\u00e9tricien ainsi que du m\u00e9decin g\u00e9n\u00e9raliste. <strong>En aucun cas je remplace le suivi m\u00e9dical<\/strong>. Je prends en charge d\u2019une mani\u00e8re globale et bienveillante la femme enceinte durant toute sa grossesse afin de la guider dans son alimentation, dans sa vie quotidienne, dans son entretien physique et son <strong>mieux-\u00eatre \u00e9motionnel<\/strong>. C\u2019est en \u00e9quilibrant l\u2019ensemble de ces points que la grossesse se d\u00e9roulera de mani\u00e8re optimale.<\/p>\n<p>Si vous souhaitez une pr\u00e9paration \u00e0 l&#8217;accouchement en compl\u00e9ment de la pr\u00e9paration &#8220;classique&#8221;, je peux vous aider avec <strong>la m\u00e9thode du Souffle pr\u00e9natal<\/strong> que j&#8217;ai cr\u00e9\u00e9.<\/p>\n<p>Nous aborderons \u00e9galement l\u2019accouchement :<strong> les diff\u00e9rentes possibilit\u00e9s pour donner naissance<\/strong> \u00e0 votre enfant, leurs avantages et inconv\u00e9nients afin d\u2019\u00eatre pleinement actrice de cet \u00e9v\u00e8nement le jour J.<\/p>\n<p><strong>Le 4e trimestre,<\/strong> l\u2019apr\u00e8s-naissance, vient boucler cet accompagnement. Comment g\u00e9rer cette nouvelle vie, les maux associ\u00e9s \u00e0 la suite de l\u2019accouchement, l\u2019allaitement et sa mise en place, trouver sa place dans cette famille agrandie et ne pas s\u2019oublier, <strong>retrouver sa vitalit\u00e9 en toute s\u00e9r\u00e9nit\u00e9\u2026<\/strong>[\/vc_column_text][\/vc_column][vc_column width=&#8221;1\/2&#8243;][vc_column_text][\/vc_column_text]<div ><div class=\"row   gallery-type-grid gallery-grid-layout-fitRows \" data-gallery-grid=\"fitRows\" ><div class=\"vc_col-sm-12 custom-gallery-item \"><figure class=\"agni-gallery-figure\"><a href=\"https:\/\/www.marinechaboud-naturopathie.com\/wp-content\/uploads\/2024\/02\/L1160159-scaled.jpg\"><img loading=\"lazy\" decoding=\"async\" width=\"2560\" height=\"2191\" src=\"https:\/\/www.marinechaboud-naturopathie.com\/wp-content\/uploads\/2024\/02\/L1160159-scaled.jpg\" class=\"attachment-full size-full\" alt=\"\" srcset=\"https:\/\/www.marinechaboud-naturopathie.com\/wp-content\/uploads\/2024\/02\/L1160159-scaled.jpg 2560w, https:\/\/www.marinechaboud-naturopathie.com\/wp-content\/uploads\/2024\/02\/L1160159-300x257.jpg 300w, https:\/\/www.marinechaboud-naturopathie.com\/wp-content\/uploads\/2024\/02\/L1160159-1024x876.jpg 1024w, https:\/\/www.marinechaboud-naturopathie.com\/wp-content\/uploads\/2024\/02\/L1160159-768x657.jpg 768w, https:\/\/www.marinechaboud-naturopathie.com\/wp-content\/uploads\/2024\/02\/L1160159-1536x1314.jpg 1536w, https:\/\/www.marinechaboud-naturopathie.com\/wp-content\/uploads\/2024\/02\/L1160159-2048x1753.jpg 2048w, https:\/\/www.marinechaboud-naturopathie.com\/wp-content\/uploads\/2024\/02\/L1160159-1080x924.jpg 1080w, https:\/\/www.marinechaboud-naturopathie.com\/wp-content\/uploads\/2024\/02\/L1160159-640x548.jpg 640w\" sizes=\"auto, (max-width: 2560px) 100vw, 2560px\" \/><\/a><\/figure><\/div><\/div><\/div><div ><div class=\"row   gallery-type-grid gallery-grid-layout-fitRows \" data-gallery-grid=\"fitRows\" ><div class=\"vc_col-sm-12 custom-gallery-item \"><figure class=\"agni-gallery-figure\"><a href=\"https:\/\/www.marinechaboud-naturopathie.com\/wp-content\/uploads\/2024\/02\/L1160032-scaled.jpg\"><img loading=\"lazy\" decoding=\"async\" width=\"2560\" height=\"2295\" src=\"https:\/\/www.marinechaboud-naturopathie.com\/wp-content\/uploads\/2024\/02\/L1160032-scaled.jpg\" class=\"attachment-full size-full\" alt=\"\" srcset=\"https:\/\/www.marinechaboud-naturopathie.com\/wp-content\/uploads\/2024\/02\/L1160032-scaled.jpg 2560w, https:\/\/www.marinechaboud-naturopathie.com\/wp-content\/uploads\/2024\/02\/L1160032-300x269.jpg 300w, https:\/\/www.marinechaboud-naturopathie.com\/wp-content\/uploads\/2024\/02\/L1160032-1024x918.jpg 1024w, https:\/\/www.marinechaboud-naturopathie.com\/wp-content\/uploads\/2024\/02\/L1160032-768x688.jpg 768w, https:\/\/www.marinechaboud-naturopathie.com\/wp-content\/uploads\/2024\/02\/L1160032-1536x1377.jpg 1536w, https:\/\/www.marinechaboud-naturopathie.com\/wp-content\/uploads\/2024\/02\/L1160032-2048x1836.jpg 2048w, https:\/\/www.marinechaboud-naturopathie.com\/wp-content\/uploads\/2024\/02\/L1160032-1080x968.jpg 1080w, https:\/\/www.marinechaboud-naturopathie.com\/wp-content\/uploads\/2024\/02\/L1160032-640x574.jpg 640w\" sizes=\"auto, (max-width: 2560px) 100vw, 2560px\" \/><\/a><\/figure><\/div><\/div><\/div>[\/vc_column][\/vc_row][vc_row][vc_column]<div class=\" section-heading text-center ihda\"><h2 class=\"heading\" style=\"font-size:48px\">T\u00e9moignages<\/h2><div class=\"divide-line text-center\"><span style=\"width:90px; height:1px; background-color:#fea790\"><\/span><\/div><\/div>[\/vc_column][\/vc_row][vc_row][vc_column width=&#8221;1\/2&#8243;]<div class=\" agni-image custom-image-container text-left\"><div class=\"wpb_wrapper\"><img loading=\"lazy\" decoding=\"async\" style=\"\" width=\"1920\" height=\"2560\" src=\"https:\/\/www.marinechaboud-naturopathie.com\/wp-content\/uploads\/2022\/04\/eugene-golovesov-R9SzQFbG0BY-unsplash-scaled.jpg\" class=\"fullwidth-image attachment-full  attachment-full\" alt=\"\" srcset=\"https:\/\/www.marinechaboud-naturopathie.com\/wp-content\/uploads\/2022\/04\/eugene-golovesov-R9SzQFbG0BY-unsplash-scaled.jpg 1920w, https:\/\/www.marinechaboud-naturopathie.com\/wp-content\/uploads\/2022\/04\/eugene-golovesov-R9SzQFbG0BY-unsplash-225x300.jpg 225w, https:\/\/www.marinechaboud-naturopathie.com\/wp-content\/uploads\/2022\/04\/eugene-golovesov-R9SzQFbG0BY-unsplash-768x1024.jpg 768w, https:\/\/www.marinechaboud-naturopathie.com\/wp-content\/uploads\/2022\/04\/eugene-golovesov-R9SzQFbG0BY-unsplash-1152x1536.jpg 1152w, https:\/\/www.marinechaboud-naturopathie.com\/wp-content\/uploads\/2022\/04\/eugene-golovesov-R9SzQFbG0BY-unsplash-1536x2048.jpg 1536w, https:\/\/www.marinechaboud-naturopathie.com\/wp-content\/uploads\/2022\/04\/eugene-golovesov-R9SzQFbG0BY-unsplash-1080x1440.jpg 1080w, https:\/\/www.marinechaboud-naturopathie.com\/wp-content\/uploads\/2022\/04\/eugene-golovesov-R9SzQFbG0BY-unsplash-640x853.jpg 640w\" sizes=\"auto, (max-width: 1920px) 100vw, 1920px\" \/><\/div><\/div>[\/vc_column][vc_column width=&#8221;1\/2&#8243;][vc_column_text]<strong>T\u00e9moignages<\/strong><\/p>\n<p>\u00ab\u00a0Son \u00e9coute, son peps et la justesse des exercices propos\u00e9s m\u2019ont permis de me pr\u00e9parer en douceur \u00e0 l\u2019arriv\u00e9e de mon b\u00e9b\u00e9. les m\u00e9lodies et les sons ont berc\u00e9 mon enfant et m\u2019ont offert un voyage int\u00e9rieur que je n\u2019aurais pas imagin\u00e9. Le jour o\u00f9 mon petit Antoine a choisi de venir au monde, les fabuleux outils offert par Marine m\u2019ont permis de rester centr\u00e9e sur mon b\u00e9b\u00e9, d\u2019accueillir sereinement les contractions et de vivre ce moment avec beaucoup de plaisir et de joie. Venez \u00e0 sa rencontre, je vous la recommande\u00a0\u00a0 vivement!\u00a0\u00bb\u00a0 \u00a0 <em>Audrey<\/em><\/p>\n<p>\u00ab\u00a0J\u2019ai su g\u00e9rer mes contraction gr\u00e2ce au diff\u00e9rents sons et positions travaill\u00e9 pendant les s\u00e9ances. Marine est bienveillante et \u00e0 l\u2019\u00e9coute de chacune d\u2019entre nous.Une magnifique exp\u00e9rience que je recommande \u00e0 toutes.\u00a0\u00bb\u00a0\u00a0\u00a0\u00a0 <em>Perinne<\/em><\/p>\n<p>\u00ab\u00a0Aujourd\u2019hui encore, les \u00ab o \u00bb m\u2019apaisent quand j\u2019en ai besoin. Mon petit gar\u00e7on aussi y est tr\u00e8s r\u00e9ceptif et se calme aux premi\u00e8res notes de la gr\u00e9gorienne ! Ces s\u00e9ances ont rythm\u00e9 ma fin de grossesse, et chacune d\u2019entre elles \u00e9taient pour moi un joli moment de d\u00e9tente et d\u2019\u00e9vasion du quotidien. Plus qu\u2019a chanter, j\u2019ai (r\u00e9)appris \u00e0 respirer et \u00e0 faire circuler l\u2019air dans mon corps. \u00c7a m\u2019a \u00e9t\u00e9 d\u2019une grande aide pendant le travail et l\u2019accouchement.\u00a0\u00bb\u00a0 <em>Carine<\/em><\/p>\n<p>\u00ab\u00a0Tu m\u2019as guid\u00e9 vers les vibrations que mon corps produisait, ces sensations si particuli\u00e8res que j\u2019ai \u00e9chang\u00e9 avec mon b\u00e9b\u00e9 durant chaque s\u00e9ance. J\u2019ai \u00e9mis un premier son, puis un deuxi\u00e8me, j\u2019essayais de \u00ab tenir la note \u00bb durant la contraction, pour canaliser ma pens\u00e9e. J\u2019ai finalement \u00ab chant\u00e9 \u00bb jusqu\u2019\u00e0 la d\u00e9livrance. J\u2019\u00e9tais dans ma bulle et rien ne pouvais m\u2019arr\u00eater. Merci Marine, pour tout.\u00a0\u00bb\u00a0 <em>Gaelle<\/em>[\/vc_column_text][\/vc_column][\/vc_row][vc_row act_as_table=&#8221;act_as_table&#8221; bg_color=&#8221;#b7c8b2&#8243; margin_top=&#8221;50&#8243; margin_right=&#8221;0&#8243; margin_bottom=&#8221;0&#8243; margin_left=&#8221;0&#8243; padding_top=&#8221;0&#8243; padding_right=&#8221;0&#8243; padding_bottom=&#8221;0&#8243; padding_left=&#8221;0&#8243; border_top=&#8221;0&#8243; border_right=&#8221;0&#8243; border_bottom=&#8221;0&#8243; border_left=&#8221;0&#8243;][vc_column width=&#8221;1\/2&#8243;]<div class=\" agni-image custom-image-container text-center\"><div class=\"wpb_wrapper\"><img loading=\"lazy\" decoding=\"async\" style=\"\" width=\"550\" height=\"320\" src=\"https:\/\/www.marinechaboud-naturopathie.com\/wp-content\/uploads\/2022\/04\/bandeau-perinatalite\u0301-laura-adai-5j-q42jq_Eo-unsplash.jpg\" class=\"fullwidth-image attachment-full image-has-background attachment-full\" alt=\"Bandeau p\u00e9rinatalit\u00e9\" srcset=\"https:\/\/www.marinechaboud-naturopathie.com\/wp-content\/uploads\/2022\/04\/bandeau-perinatalite\u0301-laura-adai-5j-q42jq_Eo-unsplash.jpg 550w, https:\/\/www.marinechaboud-naturopathie.com\/wp-content\/uploads\/2022\/04\/bandeau-perinatalite\u0301-laura-adai-5j-q42jq_Eo-unsplash-300x175.jpg 300w\" sizes=\"auto, (max-width: 550px) 100vw, 550px\" \/><\/div><\/div>[\/vc_column][vc_column width=&#8221;1\/2&#8243;][vc_column_text]<\/p>\n<h3>Un temps pour soi<\/h3>\n<h4>Prendre un rendez-vous<br \/>\nau cabinet ou en visio<\/h4>\n<p>[\/vc_column_text]<div class=\" call-to-action call-to-action-style-1\"><div class=\"call-to-action-description\"><h4 class=\"call-to-action-heading\">Call to action<\/h4><p class=\"call-to-action-additonal\">Call to action additional text<\/p><\/div><a class=\"btn  btn-primary  call-to-action-button\" target=\"_self\" href=\"http:\/\/www.marinechaboud-naturopathie.com\/index.php\/prendre-rdv\/\" style=\"margin-top: 10px; \"> Prendre RDV<\/a><\/div>[\/vc_column][\/vc_row][vc_row margin_top=&#8221;100px&#8221;][vc_column][vc_column_text]<div id=\"wpgmza_map\" class=\"wpgmza_map\" data-settings='{\"id\":\"1\",\"map_title\":\"Marine Chaboud - Naturopathie\",\"map_width\":\"100\",\"map_height\":\"400\",\"map_start_lat\":\"43.40459890000001\",\"map_start_lng\":\"3.6938033000000114\",\"map_start_location\":\"45.950464398418106,-109.81550500000003\",\"map_start_zoom\":\"16\",\"default_marker\":\"\",\"type\":\"1\",\"alignment\":\"4\",\"directions_enabled\":\"0\",\"styling_enabled\":\"0\",\"styling_json\":\"\",\"active\":\"0\",\"kml\":\"\",\"bicycle\":\"0\",\"traffic\":\"0\",\"dbox\":\"0\",\"dbox_width\":\"\",\"listmarkers\":\"0\",\"listmarkers_advanced\":\"0\",\"filterbycat\":\"0\",\"ugm_enabled\":\"0\",\"ugm_category_enabled\":\"0\",\"fusion\":\"\",\"map_width_type\":\"%\",\"map_height_type\":\"px\",\"mass_marker_support\":\"0\",\"ugm_access\":\"0\",\"order_markers_by\":\"0\",\"order_markers_choice\":\"0\",\"show_user_location\":\"0\",\"default_to\":\"\",\"other_settings\":{\"map_type\":1,\"sl_stroke_color\":\"\",\"sl_fill_color\":\"\",\"sl_stroke_opacity\":\"\",\"sl_fill_opacity\":\"\",\"transport_layer\":false,\"action\":\"wpgmza_save_map\",\"redirect_to\":\"\\\/wp-admin\\\/admin-post.php\",\"map_id\":\"1\",\"http_referer\":\"\\\/wp-admin\\\/admin.php?page=wp-google-maps-menu&amp;amp;action=edit&amp;amp;map_id=1\",\"wpgmza_id\":\"1\",\"wpgmza_start_location\":\"43.40459890000001,3.6938033000000114\",\"wpgmza_start_zoom\":\"16\",\"wpgmza_theme_data\":\"\",\"store_locator_enabled\":false,\"store_locator_search_area\":\"radial\",\"wpgmza_store_locator_radius_style\":\"legacy\",\"wpgmza_store_locator_default_radius\":\"10\",\"store_locator_auto_area_max_zoom\":\"\",\"store_locator_distance\":false,\"wpgmza_store_locator_position\":false,\"store_locator_show_distance\":false,\"store_locator_category\":false,\"wpgmza_store_locator_use_their_location\":false,\"wpgmza_store_locator_bounce\":false,\"wpgmza_sl_animation\":null,\"wpgmza_store_locator_hide_before_search\":false,\"store_locator_query_string\":\"\",\"store_locator_default_address\":\"\",\"store_locator_name_search\":false,\"store_locator_name_string\":\"\",\"store_locator_not_found_message\":\"\",\"wpgmza_map_align\":\"1\",\"jump_to_nearest_marker_on_initialization\":false,\"automatically_pan_to_users_location\":false,\"override_users_location_zoom_level\":false,\"override_users_location_zoom_levels\":\"\",\"show_distance_from_location\":false,\"map_max_zoom\":\"21\",\"map_min_zoom\":\"0\",\"click_open_link\":false,\"fit_maps_bounds_to_markers\":false,\"fit_maps_bounds_to_markers_after_filtering\":false,\"hide_point_of_interest\":false,\"wpgmza_zoom_on_marker_click\":false,\"wpgmza_zoom_on_marker_click_slider\":\"\",\"close_infowindow_on_map_click\":false,\"disable_lightbox_images\":false,\"use_Raw_Jpeg_Coordinates\":false,\"polygon_labels\":false,\"disable_polygon_info_windows\":false,\"enable_marker_ratings\":false,\"only_load_markers_within_viewport\":false,\"iw_primary_color\":\"#000000\",\"iw_accent_color\":\"#000000\",\"iw_text_color\":\"#000000\",\"wpgmza_listmarkers_by\":\"0\",\"wpgmza_marker_listing_position\":false,\"wpgmza_push_in_map\":false,\"wpgmza_push_in_map_placement\":null,\"wpgmza_push_in_map_width\":\"\",\"wpgmza_push_in_map_height\":\"\",\"zoom_level_on_marker_listing_override\":false,\"zoom_level_on_marker_listing_click\":\"\",\"datatable_no_result_message\":\"\",\"remove_search_box_datables\":false,\"dataTable_pagination_style\":null,\"datatable_search_string\":\"\",\"datatable_result_start\":\"\",\"datatable_result_of\":\"\",\"datatable_result_to\":\"\",\"datatable_result_total\":\"\",\"datatable_result_show\":\"\",\"datatable_result_entries\":\"\",\"wpgmza_savemap\":\"Enregistrer la carte \\u00bb\"}}' data-map-id='1' Data-maps-engine='google-maps' data-shortcode-attributes='{\"id\":\"1\"}' style=\"display:block; overflow:auto; width:100%; height:400px; float:left;\"><\/div>[\/vc_column_text][\/vc_column][\/vc_row]<\/p>\n","protected":false},"excerpt":{"rendered":"<p>[vc_row][vc_column][\/vc_column][\/vc_row][vc_row][vc_column width=&#8221;1\/2&#8243;][vc_column_text]P\u00e9rinatalit\u00e9 \/\/ Accompagnement naturopathique et suivi de grossesse &nbsp; L\u2019ACCOMPAGNEMENT P\u00c9RINATAL Je propose aux futurs parents un accompagnement global d\u00e8s leur d\u00e9sir de conception. Que celle-ci soit naturelle ou inscrite dans un parcours de PMA. On assiste aujourd\u2019hui \u00e0 des parcours de plus en plus difficiles dans la procr\u00e9ation. Les troubles de la fertilit\u00e9 [&hellip;]<\/p>\n","protected":false},"author":1,"featured_media":0,"parent":0,"menu_order":0,"comment_status":"closed","ping_status":"closed","template":"","meta":{"footnotes":""},"class_list":["post-339","page","type-page","status-publish","hentry"],"yoast_head":"<!-- This site is optimized with the Yoast SEO plugin v27.3 - https:\/\/yoast.com\/product\/yoast-seo-wordpress\/ -->\n<title>Naturopathie pendant la grossesse - Marine Chaboud - Naturopathe<\/title>\n<meta name=\"robots\" content=\"index, follow, max-snippet:-1, max-image-preview:large, max-video-preview:-1\" \/>\n<link rel=\"canonical\" href=\"https:\/\/www.marinechaboud-naturopathie.com\/index.php\/grossesse-et-naturopathie\/\" \/>\n<meta property=\"og:locale\" content=\"fr_FR\" \/>\n<meta property=\"og:type\" content=\"article\" \/>\n<meta property=\"og:title\" content=\"Naturopathie pendant la grossesse - Marine Chaboud - Naturopathe\" \/>\n<meta property=\"og:description\" content=\"[vc_row][vc_column][\/vc_column][\/vc_row][vc_row][vc_column width=&#8221;1\/2&#8243;][vc_column_text]P\u00e9rinatalit\u00e9 \/\/ Accompagnement naturopathique et suivi de grossesse &nbsp; L\u2019ACCOMPAGNEMENT P\u00c9RINATAL Je propose aux futurs parents un accompagnement global d\u00e8s leur d\u00e9sir de conception. Que celle-ci soit naturelle ou inscrite dans un parcours de PMA. On assiste aujourd\u2019hui \u00e0 des parcours de plus en plus difficiles dans la procr\u00e9ation. Les troubles de la fertilit\u00e9 [&hellip;]\" \/>\n<meta property=\"og:url\" content=\"https:\/\/www.marinechaboud-naturopathie.com\/index.php\/grossesse-et-naturopathie\/\" \/>\n<meta property=\"og:site_name\" content=\"Marine Chaboud - Naturopathe\" \/>\n<meta property=\"article:modified_time\" content=\"2024-02-13T15:03:08+00:00\" \/>\n<meta name=\"twitter:card\" content=\"summary_large_image\" \/>\n<meta name=\"twitter:label1\" content=\"Dur\u00e9e de lecture estim\u00e9e\" \/>\n\t<meta name=\"twitter:data1\" content=\"3 minutes\" \/>\n<script type=\"application\/ld+json\" class=\"yoast-schema-graph\">{\"@context\":\"https:\\\/\\\/schema.org\",\"@graph\":[{\"@type\":\"WebPage\",\"@id\":\"https:\\\/\\\/www.marinechaboud-naturopathie.com\\\/index.php\\\/grossesse-et-naturopathie\\\/\",\"url\":\"https:\\\/\\\/www.marinechaboud-naturopathie.com\\\/index.php\\\/grossesse-et-naturopathie\\\/\",\"name\":\"Naturopathie pendant la grossesse - Marine Chaboud - Naturopathe\",\"isPartOf\":{\"@id\":\"https:\\\/\\\/www.marinechaboud-naturopathie.com\\\/#website\"},\"datePublished\":\"2022-04-05T14:58:09+00:00\",\"dateModified\":\"2024-02-13T15:03:08+00:00\",\"breadcrumb\":{\"@id\":\"https:\\\/\\\/www.marinechaboud-naturopathie.com\\\/index.php\\\/grossesse-et-naturopathie\\\/#breadcrumb\"},\"inLanguage\":\"fr-FR\",\"potentialAction\":[{\"@type\":\"ReadAction\",\"target\":[\"https:\\\/\\\/www.marinechaboud-naturopathie.com\\\/index.php\\\/grossesse-et-naturopathie\\\/\"]}]},{\"@type\":\"BreadcrumbList\",\"@id\":\"https:\\\/\\\/www.marinechaboud-naturopathie.com\\\/index.php\\\/grossesse-et-naturopathie\\\/#breadcrumb\",\"itemListElement\":[{\"@type\":\"ListItem\",\"position\":1,\"name\":\"Accueil\",\"item\":\"https:\\\/\\\/www.marinechaboud-naturopathie.com\\\/\"},{\"@type\":\"ListItem\",\"position\":2,\"name\":\"Naturopathie pendant la grossesse\"}]},{\"@type\":\"WebSite\",\"@id\":\"https:\\\/\\\/www.marinechaboud-naturopathie.com\\\/#website\",\"url\":\"https:\\\/\\\/www.marinechaboud-naturopathie.com\\\/\",\"name\":\"Marine Chaboud - Naturopathe\",\"description\":\"Naturopathie, p\u00e9rinatalit\u00e9, th\u00e9rapie vocale\",\"potentialAction\":[{\"@type\":\"SearchAction\",\"target\":{\"@type\":\"EntryPoint\",\"urlTemplate\":\"https:\\\/\\\/www.marinechaboud-naturopathie.com\\\/?s={search_term_string}\"},\"query-input\":{\"@type\":\"PropertyValueSpecification\",\"valueRequired\":true,\"valueName\":\"search_term_string\"}}],\"inLanguage\":\"fr-FR\"}]}<\/script>\n<!-- \/ Yoast SEO plugin. -->","yoast_head_json":{"title":"Naturopathie pendant la grossesse - Marine Chaboud - Naturopathe","robots":{"index":"index","follow":"follow","max-snippet":"max-snippet:-1","max-image-preview":"max-image-preview:large","max-video-preview":"max-video-preview:-1"},"canonical":"https:\/\/www.marinechaboud-naturopathie.com\/index.php\/grossesse-et-naturopathie\/","og_locale":"fr_FR","og_type":"article","og_title":"Naturopathie pendant la grossesse - Marine Chaboud - Naturopathe","og_description":"[vc_row][vc_column][\/vc_column][\/vc_row][vc_row][vc_column width=&#8221;1\/2&#8243;][vc_column_text]P\u00e9rinatalit\u00e9 \/\/ Accompagnement naturopathique et suivi de grossesse &nbsp; L\u2019ACCOMPAGNEMENT P\u00c9RINATAL Je propose aux futurs parents un accompagnement global d\u00e8s leur d\u00e9sir de conception. Que celle-ci soit naturelle ou inscrite dans un parcours de PMA. On assiste aujourd\u2019hui \u00e0 des parcours de plus en plus difficiles dans la procr\u00e9ation. Les troubles de la fertilit\u00e9 [&hellip;]","og_url":"https:\/\/www.marinechaboud-naturopathie.com\/index.php\/grossesse-et-naturopathie\/","og_site_name":"Marine Chaboud - Naturopathe","article_modified_time":"2024-02-13T15:03:08+00:00","twitter_card":"summary_large_image","twitter_misc":{"Dur\u00e9e de lecture estim\u00e9e":"3 minutes"},"schema":{"@context":"https:\/\/schema.org","@graph":[{"@type":"WebPage","@id":"https:\/\/www.marinechaboud-naturopathie.com\/index.php\/grossesse-et-naturopathie\/","url":"https:\/\/www.marinechaboud-naturopathie.com\/index.php\/grossesse-et-naturopathie\/","name":"Naturopathie pendant la grossesse - Marine Chaboud - Naturopathe","isPartOf":{"@id":"https:\/\/www.marinechaboud-naturopathie.com\/#website"},"datePublished":"2022-04-05T14:58:09+00:00","dateModified":"2024-02-13T15:03:08+00:00","breadcrumb":{"@id":"https:\/\/www.marinechaboud-naturopathie.com\/index.php\/grossesse-et-naturopathie\/#breadcrumb"},"inLanguage":"fr-FR","potentialAction":[{"@type":"ReadAction","target":["https:\/\/www.marinechaboud-naturopathie.com\/index.php\/grossesse-et-naturopathie\/"]}]},{"@type":"BreadcrumbList","@id":"https:\/\/www.marinechaboud-naturopathie.com\/index.php\/grossesse-et-naturopathie\/#breadcrumb","itemListElement":[{"@type":"ListItem","position":1,"name":"Accueil","item":"https:\/\/www.marinechaboud-naturopathie.com\/"},{"@type":"ListItem","position":2,"name":"Naturopathie pendant la grossesse"}]},{"@type":"WebSite","@id":"https:\/\/www.marinechaboud-naturopathie.com\/#website","url":"https:\/\/www.marinechaboud-naturopathie.com\/","name":"Marine Chaboud - Naturopathe","description":"Naturopathie, p\u00e9rinatalit\u00e9, th\u00e9rapie vocale","potentialAction":[{"@type":"SearchAction","target":{"@type":"EntryPoint","urlTemplate":"https:\/\/www.marinechaboud-naturopathie.com\/?s={search_term_string}"},"query-input":{"@type":"PropertyValueSpecification","valueRequired":true,"valueName":"search_term_string"}}],"inLanguage":"fr-FR"}]}},"_links":{"self":[{"href":"https:\/\/www.marinechaboud-naturopathie.com\/index.php\/wp-json\/wp\/v2\/pages\/339","targetHints":{"allow":["GET"]}}],"collection":[{"href":"https:\/\/www.marinechaboud-naturopathie.com\/index.php\/wp-json\/wp\/v2\/pages"}],"about":[{"href":"https:\/\/www.marinechaboud-naturopathie.com\/index.php\/wp-json\/wp\/v2\/types\/page"}],"author":[{"embeddable":true,"href":"https:\/\/www.marinechaboud-naturopathie.com\/index.php\/wp-json\/wp\/v2\/users\/1"}],"replies":[{"embeddable":true,"href":"https:\/\/www.marinechaboud-naturopathie.com\/index.php\/wp-json\/wp\/v2\/comments?post=339"}],"version-history":[{"count":0,"href":"https:\/\/www.marinechaboud-naturopathie.com\/index.php\/wp-json\/wp\/v2\/pages\/339\/revisions"}],"wp:attachment":[{"href":"https:\/\/www.marinechaboud-naturopathie.com\/index.php\/wp-json\/wp\/v2\/media?parent=339"}],"curies":[{"name":"wp","href":"https:\/\/api.w.org\/{rel}","templated":true}]}}