{"id":296,"date":"2022-04-04T15:23:01","date_gmt":"2022-04-04T13:23:01","guid":{"rendered":"http:\/\/www.marinechaboud-naturopathie.com\/?page_id=296"},"modified":"2022-04-04T15:23:01","modified_gmt":"2022-04-04T13:23:01","slug":"politique-de-confidentialite-2","status":"publish","type":"page","link":"https:\/\/www.marinechaboud-naturopathie.com\/index.php\/politique-de-confidentialite-2\/","title":{"rendered":"Politique de confidentialit\u00e9"},"content":{"rendered":"<p>[vc_row][vc_column]<div class=\" separator separator_center\" style=\"width:30px%; \">\n\t\t\t\t\t<span class=\"sep_holder sep_holder_l\"><span style=\"border-top-style:solid; border-color:#fe9174\" class=\"sep_line\"><\/span><\/span>\n\t\t\t\t\t\n\t\t\t\t\t<span class=\"sep_holder sep_holder_r\"><span style=\"border-top-style:solid; border-color:#fe9174\" class=\"sep_line\"><\/span><\/span>\n\t\t\t\t<\/div>[\/vc_column][\/vc_row][vc_row][vc_column][vc_column_text]Et utilisation des donn\u00e9es personnelles en vigueur depuis le 25\u00a0mai 2018<\/p>\n<h3>Cookies<\/h3>\n<p>L\u2019utilisateur est inform\u00e9 que lors de ses visites sur ce site Internet,\u00a0un ou des cookies sont susceptibles de s\u2019installer automatiquement sur son ordinateur.<br \/>\nUn cookie est un fichier de petite taille qui enregistre des informations relatives \u00e0 la navigation d\u2019un ordinateur sur un site. Les donn\u00e9es ainsi obtenues visent \u00e0 faciliter la navigation ult\u00e9rieure sur le site, et ont \u00e9galement vocation \u00e0 permettre diverses mesures de fr\u00e9quentation.<br \/>\nIl existe diff\u00e9rents logiciels \u00ab\u2009anti-espions\u2009\u00bb, qui emp\u00eachent l\u2019installation des cookies d\u2019analyse d\u2019audience, et bien d\u2019autres encore. La CNIL indique quelles solutions sont disponibles avec votre navigateur, dans son article \u00ab\u2009<a href=\"https:\/\/www.cnil.fr\/fr\/cookies-les-outils-pour-les-maitriser\" target=\"_blank\" rel=\"noopener noreferrer\">Cookies\u00a0: les outils pour les ma\u00eetriser<\/a>\u2009\u00bb.<\/p>\n<h3>Commentaires<\/h3>\n<p>Ce site autorise les visiteurs \u00e0 commenter les articles du blog.<br \/>\nQuand un commentaire est laiss\u00e9 sur ce site Internet, les donn\u00e9es inscrites dans le formulaire de commentaire, mais aussi votre adresse IP et l\u2019agent utilisateur de votre navigateur sont collect\u00e9s pour aider \u00e0 la d\u00e9tection des commentaires ind\u00e9sirables.<\/p>\n<h3>Formulaires Contact et Questionnaires<\/h3>\n<p>Les informations recueillies (nom, email, messages et informations) sur les formulaires du site sont enregistr\u00e9es dans des fichiers informatis\u00e9s.<br \/>\nIls sont uniquement destin\u00e9s \u00e0 l\u2019usage professionnel de Marine Chaboud :<br \/>\n\u2022 La gestion de demande client\u00e8le depuis les formulaires de \u00ab\u2009demande d\u2019informations\u2009\u00bb sur les pages pr\u00e9sentant les services,<br \/>\n\u2022 La pr\u00e9paration de cr\u00e9ation de projet depuis le formulaire \u00ab\u2009questionnaire\u2009\u00bb dont le lien est fourni aux clients ayant command\u00e9 les services de Marine Chaboud.<\/p>\n<h3>Contenu embarqu\u00e9 depuis d\u2019autres sites<\/h3>\n<p>Les articles de ce site peuvent inclure des contenus int\u00e9gr\u00e9s (par exemple des vid\u00e9os YouTube, plan googlemap, images, articles\u2026). Le contenu int\u00e9gr\u00e9 depuis d\u2019autres sites se comporte de la m\u00eame mani\u00e8re que si le visiteur se rendait sur cet autre site.<br \/>\nCes sites web pourraient collecter des donn\u00e9es sur vous, utiliser des cookies, embarquer des outils de suivis tiers, suivre vos interactions avec ces contenus embarqu\u00e9s si vous disposez d\u2019un compte connect\u00e9 sur leur site web.<\/p>\n<h3>Dur\u00e9e de stockage de vos donn\u00e9es<\/h3>\n<p>Les donn\u00e9es d\u2019inscription et de formulaires sont conserv\u00e9es pendant 36\u00a0mois conform\u00e9ment au r\u00e8glement du Parlement europ\u00e9en.<br \/>\nSi vous laissez un commentaire, le commentaire et ses m\u00e9tadonn\u00e9es sont conserv\u00e9s ind\u00e9finiment. Cela permet de reconna\u00eetre et approuver automatiquement les commentaires suivants au lieu de les laisser dans la file de mod\u00e9ration.<\/p>\n<h3>S\u00e9curit\u00e9 des donn\u00e9es<\/h3>\n<p>Conform\u00e9ment au r\u00e8glement du Parlement europ\u00e9en Article\u00a032 de la s\u00e9curit\u00e9 des donn\u00e9es et aux dispositions de la loi du 1er\u00a0juillet 1998 transposant la directive\u00a096\/9 du 11\u00a0mars 1996 relative \u00e0 la protection juridique des bases de donn\u00e9es, des mesures de s\u00e9curit\u00e9 informatique ont \u00e9t\u00e9 mis en place.<br \/>\nLe site Internet et la base de donn\u00e9es sont s\u00e9curis\u00e9s par l\u2019h\u00e9bergement OVH.<\/p>\n<h3>Droits sur vos donn\u00e9es personnelles<\/h3>\n<p>Pour exercer votre droit d\u2019acc\u00e8s,\u00a0de rectification et de suppression concernant vos donn\u00e9es personnelles, vous pouvez \u00e9crire \u00e0\u00a0:<br \/>\nCourriel : naturopathie-foni (at) gmail (dot) com<br \/>\nSection du site web\u00a0:<a href=\"http:\/\/www.marinechaboud-naturopathie.com\/index.php\/contact-tarifs\/\">http:\/\/www.marinechaboud-naturopathie.com\/index.php\/contact-tarifs\/<\/a><br \/>\nAdresse postale : de Marine Chaboud<br \/>\nSi vous avez un compte, r\u00e9alisez des commandes sur l\u2019eshop ou si vous avez laiss\u00e9 des commentaires sur le site, vous pouvez demander \u00e0 recevoir un fichier contenant toutes les donn\u00e9es personnelles que nous poss\u00e9dons \u00e0 votre sujet, incluant celles que vous nous avez fournies. Vous pouvez \u00e9galement demander la suppression des donn\u00e9es personnelles vous concernant. Cela ne prend pas en compte les donn\u00e9es stock\u00e9es \u00e0 des fins administratives, l\u00e9gales ou pour des raisons de s\u00e9curit\u00e9.<br \/>\nEn France, les donn\u00e9es personnelles sont prot\u00e9g\u00e9es par la loi n\u00b0\u00a078-87 du 6\u00a0janvier 1978, la loi n\u00b0\u00a02004-801 du 6\u00a0ao\u00fbt 2004, l\u2019article L.\u00a0226-13 du Code p\u00e9nal et la Directive Europ\u00e9enne du 24\u00a0octobre 1995. Vous disposez d\u2019un droit d\u2019acc\u00e8s, de rectification, de suppression et d\u2019opposition aux donn\u00e9es personnelles le concernant (conform\u00e9ment \u00e0 la Loi Informatique et Libert\u00e9s aux dispositions des articles\u00a038 et suivants de la loi\u00a078-17 du 6\u00a0janvier 1978 relative \u00e0 l\u2019informatique, aux fichiers et aux libert\u00e9s).[\/vc_column_text][\/vc_column][\/vc_row]<\/p>\n","protected":false},"excerpt":{"rendered":"<p>[vc_row][vc_column][\/vc_column][\/vc_row][vc_row][vc_column][vc_column_text]Et utilisation des donn\u00e9es personnelles en vigueur depuis le 25\u00a0mai 2018 Cookies L\u2019utilisateur est inform\u00e9 que lors de ses visites sur ce site Internet,\u00a0un ou des cookies sont susceptibles de s\u2019installer automatiquement sur son ordinateur. Un cookie est un fichier de petite taille qui enregistre des informations relatives \u00e0 la navigation d\u2019un ordinateur sur un [&hellip;]<\/p>\n","protected":false},"author":1,"featured_media":0,"parent":0,"menu_order":0,"comment_status":"closed","ping_status":"closed","template":"","meta":{"footnotes":""},"class_list":["post-296","page","type-page","status-publish","hentry"],"yoast_head":"<!-- This site is optimized with the Yoast SEO plugin v27.3 - https:\/\/yoast.com\/product\/yoast-seo-wordpress\/ -->\n<title>Politique de confidentialit\u00e9 - Marine Chaboud - Naturopathe<\/title>\n<meta name=\"robots\" content=\"index, follow, max-snippet:-1, max-image-preview:large, max-video-preview:-1\" \/>\n<link rel=\"canonical\" href=\"https:\/\/www.marinechaboud-naturopathie.com\/index.php\/politique-de-confidentialite-2\/\" \/>\n<meta property=\"og:locale\" content=\"fr_FR\" \/>\n<meta property=\"og:type\" content=\"article\" \/>\n<meta property=\"og:title\" content=\"Politique de confidentialit\u00e9 - Marine Chaboud - Naturopathe\" \/>\n<meta property=\"og:description\" content=\"[vc_row][vc_column][\/vc_column][\/vc_row][vc_row][vc_column][vc_column_text]Et utilisation des donn\u00e9es personnelles en vigueur depuis le 25\u00a0mai 2018 Cookies L\u2019utilisateur est inform\u00e9 que lors de ses visites sur ce site Internet,\u00a0un ou des cookies sont susceptibles de s\u2019installer automatiquement sur son ordinateur. Un cookie est un fichier de petite taille qui enregistre des informations relatives \u00e0 la navigation d\u2019un ordinateur sur un [&hellip;]\" \/>\n<meta property=\"og:url\" content=\"https:\/\/www.marinechaboud-naturopathie.com\/index.php\/politique-de-confidentialite-2\/\" \/>\n<meta property=\"og:site_name\" content=\"Marine Chaboud - Naturopathe\" \/>\n<meta name=\"twitter:card\" content=\"summary_large_image\" \/>\n<meta name=\"twitter:label1\" content=\"Dur\u00e9e de lecture estim\u00e9e\" \/>\n\t<meta name=\"twitter:data1\" content=\"4 minutes\" \/>\n<script type=\"application\/ld+json\" class=\"yoast-schema-graph\">{\"@context\":\"https:\\\/\\\/schema.org\",\"@graph\":[{\"@type\":\"WebPage\",\"@id\":\"https:\\\/\\\/www.marinechaboud-naturopathie.com\\\/index.php\\\/politique-de-confidentialite-2\\\/\",\"url\":\"https:\\\/\\\/www.marinechaboud-naturopathie.com\\\/index.php\\\/politique-de-confidentialite-2\\\/\",\"name\":\"Politique de confidentialit\u00e9 - Marine Chaboud - Naturopathe\",\"isPartOf\":{\"@id\":\"https:\\\/\\\/www.marinechaboud-naturopathie.com\\\/#website\"},\"datePublished\":\"2022-04-04T13:23:01+00:00\",\"breadcrumb\":{\"@id\":\"https:\\\/\\\/www.marinechaboud-naturopathie.com\\\/index.php\\\/politique-de-confidentialite-2\\\/#breadcrumb\"},\"inLanguage\":\"fr-FR\",\"potentialAction\":[{\"@type\":\"ReadAction\",\"target\":[\"https:\\\/\\\/www.marinechaboud-naturopathie.com\\\/index.php\\\/politique-de-confidentialite-2\\\/\"]}]},{\"@type\":\"BreadcrumbList\",\"@id\":\"https:\\\/\\\/www.marinechaboud-naturopathie.com\\\/index.php\\\/politique-de-confidentialite-2\\\/#breadcrumb\",\"itemListElement\":[{\"@type\":\"ListItem\",\"position\":1,\"name\":\"Accueil\",\"item\":\"https:\\\/\\\/www.marinechaboud-naturopathie.com\\\/\"},{\"@type\":\"ListItem\",\"position\":2,\"name\":\"Politique de confidentialit\u00e9\"}]},{\"@type\":\"WebSite\",\"@id\":\"https:\\\/\\\/www.marinechaboud-naturopathie.com\\\/#website\",\"url\":\"https:\\\/\\\/www.marinechaboud-naturopathie.com\\\/\",\"name\":\"Marine Chaboud - Naturopathe\",\"description\":\"Naturopathie, p\u00e9rinatalit\u00e9, th\u00e9rapie vocale\",\"potentialAction\":[{\"@type\":\"SearchAction\",\"target\":{\"@type\":\"EntryPoint\",\"urlTemplate\":\"https:\\\/\\\/www.marinechaboud-naturopathie.com\\\/?s={search_term_string}\"},\"query-input\":{\"@type\":\"PropertyValueSpecification\",\"valueRequired\":true,\"valueName\":\"search_term_string\"}}],\"inLanguage\":\"fr-FR\"}]}<\/script>\n<!-- \/ Yoast SEO plugin. -->","yoast_head_json":{"title":"Politique de confidentialit\u00e9 - Marine Chaboud - Naturopathe","robots":{"index":"index","follow":"follow","max-snippet":"max-snippet:-1","max-image-preview":"max-image-preview:large","max-video-preview":"max-video-preview:-1"},"canonical":"https:\/\/www.marinechaboud-naturopathie.com\/index.php\/politique-de-confidentialite-2\/","og_locale":"fr_FR","og_type":"article","og_title":"Politique de confidentialit\u00e9 - Marine Chaboud - Naturopathe","og_description":"[vc_row][vc_column][\/vc_column][\/vc_row][vc_row][vc_column][vc_column_text]Et utilisation des donn\u00e9es personnelles en vigueur depuis le 25\u00a0mai 2018 Cookies L\u2019utilisateur est inform\u00e9 que lors de ses visites sur ce site Internet,\u00a0un ou des cookies sont susceptibles de s\u2019installer automatiquement sur son ordinateur. Un cookie est un fichier de petite taille qui enregistre des informations relatives \u00e0 la navigation d\u2019un ordinateur sur un [&hellip;]","og_url":"https:\/\/www.marinechaboud-naturopathie.com\/index.php\/politique-de-confidentialite-2\/","og_site_name":"Marine Chaboud - Naturopathe","twitter_card":"summary_large_image","twitter_misc":{"Dur\u00e9e de lecture estim\u00e9e":"4 minutes"},"schema":{"@context":"https:\/\/schema.org","@graph":[{"@type":"WebPage","@id":"https:\/\/www.marinechaboud-naturopathie.com\/index.php\/politique-de-confidentialite-2\/","url":"https:\/\/www.marinechaboud-naturopathie.com\/index.php\/politique-de-confidentialite-2\/","name":"Politique de confidentialit\u00e9 - Marine Chaboud - Naturopathe","isPartOf":{"@id":"https:\/\/www.marinechaboud-naturopathie.com\/#website"},"datePublished":"2022-04-04T13:23:01+00:00","breadcrumb":{"@id":"https:\/\/www.marinechaboud-naturopathie.com\/index.php\/politique-de-confidentialite-2\/#breadcrumb"},"inLanguage":"fr-FR","potentialAction":[{"@type":"ReadAction","target":["https:\/\/www.marinechaboud-naturopathie.com\/index.php\/politique-de-confidentialite-2\/"]}]},{"@type":"BreadcrumbList","@id":"https:\/\/www.marinechaboud-naturopathie.com\/index.php\/politique-de-confidentialite-2\/#breadcrumb","itemListElement":[{"@type":"ListItem","position":1,"name":"Accueil","item":"https:\/\/www.marinechaboud-naturopathie.com\/"},{"@type":"ListItem","position":2,"name":"Politique de confidentialit\u00e9"}]},{"@type":"WebSite","@id":"https:\/\/www.marinechaboud-naturopathie.com\/#website","url":"https:\/\/www.marinechaboud-naturopathie.com\/","name":"Marine Chaboud - Naturopathe","description":"Naturopathie, p\u00e9rinatalit\u00e9, th\u00e9rapie vocale","potentialAction":[{"@type":"SearchAction","target":{"@type":"EntryPoint","urlTemplate":"https:\/\/www.marinechaboud-naturopathie.com\/?s={search_term_string}"},"query-input":{"@type":"PropertyValueSpecification","valueRequired":true,"valueName":"search_term_string"}}],"inLanguage":"fr-FR"}]}},"_links":{"self":[{"href":"https:\/\/www.marinechaboud-naturopathie.com\/index.php\/wp-json\/wp\/v2\/pages\/296","targetHints":{"allow":["GET"]}}],"collection":[{"href":"https:\/\/www.marinechaboud-naturopathie.com\/index.php\/wp-json\/wp\/v2\/pages"}],"about":[{"href":"https:\/\/www.marinechaboud-naturopathie.com\/index.php\/wp-json\/wp\/v2\/types\/page"}],"author":[{"embeddable":true,"href":"https:\/\/www.marinechaboud-naturopathie.com\/index.php\/wp-json\/wp\/v2\/users\/1"}],"replies":[{"embeddable":true,"href":"https:\/\/www.marinechaboud-naturopathie.com\/index.php\/wp-json\/wp\/v2\/comments?post=296"}],"version-history":[{"count":0,"href":"https:\/\/www.marinechaboud-naturopathie.com\/index.php\/wp-json\/wp\/v2\/pages\/296\/revisions"}],"wp:attachment":[{"href":"https:\/\/www.marinechaboud-naturopathie.com\/index.php\/wp-json\/wp\/v2\/media?parent=296"}],"curies":[{"name":"wp","href":"https:\/\/api.w.org\/{rel}","templated":true}]}}