{"id":122,"date":"2022-03-31T17:21:13","date_gmt":"2022-03-31T15:21:13","guid":{"rendered":"http:\/\/www.marinechaboud-naturopathie.com\/?page_id=122"},"modified":"2024-04-25T16:11:49","modified_gmt":"2024-04-25T14:11:49","slug":"naturopathie","status":"publish","type":"page","link":"https:\/\/www.marinechaboud-naturopathie.com\/index.php\/naturopathie\/","title":{"rendered":"Naturopathie"},"content":{"rendered":"<p>[vc_row][vc_column]<div class=\" separator separator_center\" style=\"width:30px%; \">\n\t\t\t\t\t<span class=\"sep_holder sep_holder_l\"><span style=\"border-top-style:solid; border-color:#fe9174\" class=\"sep_line\"><\/span><\/span>\n\t\t\t\t\t\n\t\t\t\t\t<span class=\"sep_holder sep_holder_r\"><span style=\"border-top-style:solid; border-color:#fe9174\" class=\"sep_line\"><\/span><\/span>\n\t\t\t\t<\/div>[\/vc_column][\/vc_row][vc_row][vc_column width=&#8221;1\/2&#8243;][vc_column_text]<\/p>\n<h4><strong><span id=\"La-naturopathie-%E2%80%A6-vue-par-lOMS\" class=\"ez-toc-section\">Qu&#8217;est ce que la naturopathie?<\/span><\/strong><\/h4>\n<p><strong>La naturopathie \u2026 vue par l\u2019O.M.S.<\/strong><\/p>\n<p>L\u2019Organisation Mondiale de la Sant\u00e9 (O.M.S.) classe la naturopathie comme <strong>3<sup>\u00e8me<\/sup>\u00a0m\u00e9decine traditionnelle mondiale<\/strong>, apr\u00e8s les m\u00e9decines traditionnelles chinoises et ayurv\u00e9diques.<\/p>\n<p>L\u2019O.M.S.\u00a0 d\u00e9finit\u00a0 la sant\u00e9 pour l\u2019individu comme un \u00ab <strong>\u00e9tat complet de bien-\u00eatre\u00a0 physique, mental et social<\/strong> \u00bb. Selon cette organisation, <strong>la naturopathie <\/strong>est un ensemble de m\u00e9thodes de soins visant \u00e0 renforcer les d\u00e9fenses de l\u2019organisme par des moyens consid\u00e9r\u00e9s comme naturels et biologiques.<\/p>\n<h4><span id=\"La-naturopathie-%E2%80%A6-vue-par-les-naturopathies\" class=\"ez-toc-section\"><\/span><strong>La naturopathie <\/strong><em><strong><br \/>\n<\/strong><\/em><\/h4>\n<p>La naturopathie ne gu\u00e9rit pas les probl\u00e8mes de sant\u00e9, ce n&#8217;est pas une m\u00e9decine alternative, ni elle remplace la m\u00e9decine allopathique. Sa d\u00e9marche par cons\u00e9quent est compl\u00e9mentaire.<\/p>\n<p><strong>Le r\u00f4le du praticien<\/strong> naturopathe est <strong>d&#8217;identifier la cause<\/strong> du mal afin de l&#8217;approcher \u00e0 la source \u00e0 l&#8217;aide de 10 diff\u00e9rentes techniques. Il va apprendre une nouvelle fa\u00e7on de prendre soin de son corps physique et psychique.<\/p>\n<p><strong>Le m\u00e9tier de naturopathe<\/strong> agit sur tous les domaines de l\u2019environnement de la personne venue le consulter.<\/p>\n<p>\u00catre naturopathe c&#8217;est <strong>savoir \u00e9couter, individualiser les conseils, enseigner et accompagner l&#8217;individu<\/strong> dans un changement de ses habitudes de vie. L&#8217;amener \u00e0 comprendre d&#8217;o\u00f9 proviennent les d\u00e9s\u00e9quilibres afin qu&#8217;il adopte d&#8217;autres comportements au quotidien.[\/vc_column_text][\/vc_column][vc_column width=&#8221;1\/2&#8243;][vc_column_text]<strong>Mon travail est unique<\/strong>, tout protocole est adapt\u00e9 selon le terrain de la personne. J&#8217;interviens en naturopathie g\u00e9n\u00e9rale ou bien pour une prise en charge qui inclus des troubles vocaux fonctionnels ou organiques, sur les dysfonctionnements de l&#8217;\u00e9locution qui peuvent-\u00eatre dues \u00e0 des <strong>maladies auto-immunes<\/strong> comme par exemple la <strong>scl\u00e9rose-en- plaque<\/strong>. Je peux \u00e9galement vous accompagner dans <strong>le cancer.<\/strong><\/p>\n<p><strong>Tous les professionnels de la voix<\/strong> ( chanteurs, enseignants, avocats&#8230;) peuvent <strong>avoir recours \u00e0 mes services<\/strong>. Nombreux sont ceux qui utilisent leur voix comme ils peuvent et non qu&#8217;ils devraient.<\/p>\n<p>Je me <strong>suis sp\u00e9cialis\u00e9e dans l&#8217;accompagnement de la femme enceinte<\/strong>. Je les suis depuis 2018 en <strong>chant pr\u00e9natal<\/strong>, j&#8217;ai mis au point ma technique qui est bas\u00e9e sur les <strong>techniques de respirations, les positions<\/strong> ainsi que les <strong>sons<\/strong>. Mon devoir est de permettre \u00e0 la future maman de vivre pleinement l&#8217;accouchement qu&#8217;elle souhaite dans la plus grande bienveillance.[\/vc_column_text]<div ><div class=\"row   gallery-type-grid gallery-grid-layout-fitRows \" data-gallery-grid=\"fitRows\" ><div class=\"vc_col-sm-12 custom-gallery-item \"><figure class=\"agni-gallery-figure\"><a href=\"https:\/\/www.marinechaboud-naturopathie.com\/wp-content\/uploads\/2022\/04\/A04A3484-scaled.jpg\"><img loading=\"lazy\" decoding=\"async\" width=\"2560\" height=\"2404\" src=\"https:\/\/www.marinechaboud-naturopathie.com\/wp-content\/uploads\/2022\/04\/A04A3484-scaled.jpg\" class=\"attachment-full size-full\" alt=\"\" srcset=\"https:\/\/www.marinechaboud-naturopathie.com\/wp-content\/uploads\/2022\/04\/A04A3484-scaled.jpg 2560w, https:\/\/www.marinechaboud-naturopathie.com\/wp-content\/uploads\/2022\/04\/A04A3484-300x282.jpg 300w, https:\/\/www.marinechaboud-naturopathie.com\/wp-content\/uploads\/2022\/04\/A04A3484-1024x961.jpg 1024w, https:\/\/www.marinechaboud-naturopathie.com\/wp-content\/uploads\/2022\/04\/A04A3484-768x721.jpg 768w, https:\/\/www.marinechaboud-naturopathie.com\/wp-content\/uploads\/2022\/04\/A04A3484-1536x1442.jpg 1536w, https:\/\/www.marinechaboud-naturopathie.com\/wp-content\/uploads\/2022\/04\/A04A3484-2048x1923.jpg 2048w, https:\/\/www.marinechaboud-naturopathie.com\/wp-content\/uploads\/2022\/04\/A04A3484-1080x1014.jpg 1080w, https:\/\/www.marinechaboud-naturopathie.com\/wp-content\/uploads\/2022\/04\/A04A3484-640x601.jpg 640w\" sizes=\"auto, (max-width: 2560px) 100vw, 2560px\" \/><\/a><\/figure><\/div><\/div><\/div>[\/vc_column][\/vc_row][vc_row][vc_column]<div class=\" section-heading text-center ihda\"><h2 class=\"heading\" style=\"font-size:48px\">Pourquoi et quand venir consulter?<\/h2><div class=\"divide-line text-center\"><span style=\"width:90px; height:1px; background-color:#fea790\"><\/span><\/div><\/div>[\/vc_column][\/vc_row][vc_row][vc_column width=&#8221;1\/2&#8243;]<div class=\" agni-image custom-image-container text-left\"><div class=\"wpb_wrapper\"><img loading=\"lazy\" decoding=\"async\" style=\"\" width=\"1707\" height=\"2560\" src=\"https:\/\/www.marinechaboud-naturopathie.com\/wp-content\/uploads\/2022\/03\/lee-jafa-L0KGpSJ6Vn0-unsplash-scaled.jpg\" class=\"fullwidth-image attachment-full  attachment-full\" alt=\"\" srcset=\"https:\/\/www.marinechaboud-naturopathie.com\/wp-content\/uploads\/2022\/03\/lee-jafa-L0KGpSJ6Vn0-unsplash-scaled.jpg 1707w, https:\/\/www.marinechaboud-naturopathie.com\/wp-content\/uploads\/2022\/03\/lee-jafa-L0KGpSJ6Vn0-unsplash-200x300.jpg 200w, https:\/\/www.marinechaboud-naturopathie.com\/wp-content\/uploads\/2022\/03\/lee-jafa-L0KGpSJ6Vn0-unsplash-683x1024.jpg 683w, https:\/\/www.marinechaboud-naturopathie.com\/wp-content\/uploads\/2022\/03\/lee-jafa-L0KGpSJ6Vn0-unsplash-768x1152.jpg 768w, https:\/\/www.marinechaboud-naturopathie.com\/wp-content\/uploads\/2022\/03\/lee-jafa-L0KGpSJ6Vn0-unsplash-1024x1536.jpg 1024w, https:\/\/www.marinechaboud-naturopathie.com\/wp-content\/uploads\/2022\/03\/lee-jafa-L0KGpSJ6Vn0-unsplash-1365x2048.jpg 1365w, https:\/\/www.marinechaboud-naturopathie.com\/wp-content\/uploads\/2022\/03\/lee-jafa-L0KGpSJ6Vn0-unsplash-1080x1620.jpg 1080w, https:\/\/www.marinechaboud-naturopathie.com\/wp-content\/uploads\/2022\/03\/lee-jafa-L0KGpSJ6Vn0-unsplash-640x960.jpg 640w\" sizes=\"auto, (max-width: 1707px) 100vw, 1707px\" \/><\/div><\/div>[\/vc_column][vc_column width=&#8221;1\/2&#8243;][vc_column_text]<strong>Venez apaiser vos doutes et prendre soin de vous avec une approche naturelle.<\/strong><\/p>\n<p>Laissez-vous guider lors d&#8217;une consultation et venez d\u00e9couvrir le fonctionnement de votre corps, de votre esprit afin d\u2019am\u00e9liorer votre \u00e9nergie vitale. Aussi nous pourrons ensemble intervenir sur votre voix, outils de communication, de travail et de plaisir.<\/p>\n<p>J&#8217;utilise diverses techniques du naturopathe afin que votre organisme et votre \u00e9tat de sant\u00e9 puissent augmenter leurs capacit\u00e9s d&#8217;autogu\u00e9rison et retrouver un \u00e9quilibre stable.<\/p>\n<p>Du <strong>nourrisson au personnes \u00e2g\u00e9es, en passant par la femme enceinte<\/strong>, mon accompagnement est unique afin de trouver la gestion de vie adapt\u00e9e \u00e0 votre environnement, votre personnalit\u00e9 et en rapport avec votre terrain.<\/p>\n<p><strong>Voici la liste des m\u00e9thodes que j\u2019utilise :<\/strong><\/p>\n<ul>\n<li>L&#8217;alimentation<\/li>\n<li>Les techniques respiratoires<\/li>\n<li>Les techniques de gestion du stress<\/li>\n<li>Le chant<\/li>\n<li>Les techniques de th\u00e9rapie vocale<\/li>\n<li>Le chant pr\u00e9natal<\/li>\n<li>Les fleurs du Docteur Bach<\/li>\n<li>La gemmoth\u00e9rapie<\/li>\n<li>La phytoth\u00e9rapie<\/li>\n<li>L\u2019aromath\u00e9rapie<\/li>\n<li>Les huiles essentielles<\/li>\n<li>Exercices physiques<\/li>\n<li>Techniques \u00e9nerg\u00e9tiques<\/li>\n<\/ul>\n<p><strong>A l&#8217;aide de ses techniques, je peux intervenir sur vos syst\u00e8mes fatigu\u00e9s tels que<\/strong><\/p>\n<ul>\n<li>Le syst\u00e8me nerveux<\/li>\n<li>Cutan\u00e9<\/li>\n<li>Le sommeil<\/li>\n<li>Le stress<\/li>\n<li>La digestion<\/li>\n<li>Le syst\u00e8me <strong>cardio\/vasculaire<\/strong><\/li>\n<li>Les hormones<\/li>\n<li>La prise ou perte de poids<\/li>\n<li>Le syst\u00e8me <strong>uro-g\u00e9nital<\/strong><\/li>\n<li>L&#8217;osteo- articulaire<\/li>\n<li>Le syst\u00e8me <strong>respiratoire<\/strong><\/li>\n<\/ul>\n<p>Je ne vous ferais que des propositions. Je ne pose aucun diagnostique, j\u2019agis avec mes ressentis, dans l\u2019\u00e9change et le partage du moment pr\u00e9sent.[\/vc_column_text][\/vc_column][\/vc_row][vc_row act_as_table=&#8221;act_as_table&#8221; bg_color=&#8221;#fea790&#8243; margin_top=&#8221;50&#8243; margin_right=&#8221;0&#8243; margin_bottom=&#8221;0&#8243; margin_left=&#8221;0&#8243; padding_top=&#8221;0&#8243; padding_right=&#8221;0&#8243; padding_bottom=&#8221;0&#8243; padding_left=&#8221;0&#8243; border_top=&#8221;0&#8243; border_right=&#8221;0&#8243; border_bottom=&#8221;0&#8243; border_left=&#8221;0&#8243;][vc_column width=&#8221;1\/2&#8243;]<div class=\" agni-image custom-image-container text-center\"><div class=\"wpb_wrapper\"><img loading=\"lazy\" decoding=\"async\" style=\"\" width=\"550\" height=\"320\" src=\"https:\/\/www.marinechaboud-naturopathie.com\/wp-content\/uploads\/2022\/04\/bandeau-naturopathie-rodrigo-ramos-aWZ0A0xxBok-unsplash-2.jpg\" class=\"fullwidth-image attachment-full image-has-background attachment-full\" alt=\"\" srcset=\"https:\/\/www.marinechaboud-naturopathie.com\/wp-content\/uploads\/2022\/04\/bandeau-naturopathie-rodrigo-ramos-aWZ0A0xxBok-unsplash-2.jpg 550w, https:\/\/www.marinechaboud-naturopathie.com\/wp-content\/uploads\/2022\/04\/bandeau-naturopathie-rodrigo-ramos-aWZ0A0xxBok-unsplash-2-300x175.jpg 300w\" sizes=\"auto, (max-width: 550px) 100vw, 550px\" \/><\/div><\/div>[\/vc_column][vc_column width=&#8221;1\/2&#8243;][vc_column_text]<\/p>\n<h3>Un temps pour soi<\/h3>\n<h4>Prendre un rendez-vous<br \/>\nau cabinet ou en visio<\/h4>\n<p>[\/vc_column_text]<div class=\" call-to-action call-to-action-style-1\"><div class=\"call-to-action-description\"><h4 class=\"call-to-action-heading\">Call to action<\/h4><p class=\"call-to-action-additonal\">Call to action additional text<\/p><\/div><a class=\"btn  btn-primary  call-to-action-button\" target=\"_self\" href=\"http:\/\/www.marinechaboud-naturopathie.com\/index.php\/prendre-rdv\/\" style=\"margin-top: 10px; \"> Prendre RDV<\/a><\/div>[\/vc_column][\/vc_row][vc_row margin_top=&#8221;100px&#8221;][vc_column][vc_column_text]<div id=\"wpgmza_map\" class=\"wpgmza_map\" data-settings='{\"id\":\"1\",\"map_title\":\"Marine Chaboud - Naturopathie\",\"map_width\":\"100\",\"map_height\":\"400\",\"map_start_lat\":\"43.40459890000001\",\"map_start_lng\":\"3.6938033000000114\",\"map_start_location\":\"45.950464398418106,-109.81550500000003\",\"map_start_zoom\":\"16\",\"default_marker\":\"\",\"type\":\"1\",\"alignment\":\"4\",\"directions_enabled\":\"0\",\"styling_enabled\":\"0\",\"styling_json\":\"\",\"active\":\"0\",\"kml\":\"\",\"bicycle\":\"0\",\"traffic\":\"0\",\"dbox\":\"0\",\"dbox_width\":\"\",\"listmarkers\":\"0\",\"listmarkers_advanced\":\"0\",\"filterbycat\":\"0\",\"ugm_enabled\":\"0\",\"ugm_category_enabled\":\"0\",\"fusion\":\"\",\"map_width_type\":\"%\",\"map_height_type\":\"px\",\"mass_marker_support\":\"0\",\"ugm_access\":\"0\",\"order_markers_by\":\"0\",\"order_markers_choice\":\"0\",\"show_user_location\":\"0\",\"default_to\":\"\",\"other_settings\":{\"map_type\":1,\"sl_stroke_color\":\"\",\"sl_fill_color\":\"\",\"sl_stroke_opacity\":\"\",\"sl_fill_opacity\":\"\",\"transport_layer\":false,\"action\":\"wpgmza_save_map\",\"redirect_to\":\"\\\/wp-admin\\\/admin-post.php\",\"map_id\":\"1\",\"http_referer\":\"\\\/wp-admin\\\/admin.php?page=wp-google-maps-menu&amp;amp;action=edit&amp;amp;map_id=1\",\"wpgmza_id\":\"1\",\"wpgmza_start_location\":\"43.40459890000001,3.6938033000000114\",\"wpgmza_start_zoom\":\"16\",\"wpgmza_theme_data\":\"\",\"store_locator_enabled\":false,\"store_locator_search_area\":\"radial\",\"wpgmza_store_locator_radius_style\":\"legacy\",\"wpgmza_store_locator_default_radius\":\"10\",\"store_locator_auto_area_max_zoom\":\"\",\"store_locator_distance\":false,\"wpgmza_store_locator_position\":false,\"store_locator_show_distance\":false,\"store_locator_category\":false,\"wpgmza_store_locator_use_their_location\":false,\"wpgmza_store_locator_bounce\":false,\"wpgmza_sl_animation\":null,\"wpgmza_store_locator_hide_before_search\":false,\"store_locator_query_string\":\"\",\"store_locator_default_address\":\"\",\"store_locator_name_search\":false,\"store_locator_name_string\":\"\",\"store_locator_not_found_message\":\"\",\"wpgmza_map_align\":\"1\",\"jump_to_nearest_marker_on_initialization\":false,\"automatically_pan_to_users_location\":false,\"override_users_location_zoom_level\":false,\"override_users_location_zoom_levels\":\"\",\"show_distance_from_location\":false,\"map_max_zoom\":\"21\",\"map_min_zoom\":\"0\",\"click_open_link\":false,\"fit_maps_bounds_to_markers\":false,\"fit_maps_bounds_to_markers_after_filtering\":false,\"hide_point_of_interest\":false,\"wpgmza_zoom_on_marker_click\":false,\"wpgmza_zoom_on_marker_click_slider\":\"\",\"close_infowindow_on_map_click\":false,\"disable_lightbox_images\":false,\"use_Raw_Jpeg_Coordinates\":false,\"polygon_labels\":false,\"disable_polygon_info_windows\":false,\"enable_marker_ratings\":false,\"only_load_markers_within_viewport\":false,\"iw_primary_color\":\"#000000\",\"iw_accent_color\":\"#000000\",\"iw_text_color\":\"#000000\",\"wpgmza_listmarkers_by\":\"0\",\"wpgmza_marker_listing_position\":false,\"wpgmza_push_in_map\":false,\"wpgmza_push_in_map_placement\":null,\"wpgmza_push_in_map_width\":\"\",\"wpgmza_push_in_map_height\":\"\",\"zoom_level_on_marker_listing_override\":false,\"zoom_level_on_marker_listing_click\":\"\",\"datatable_no_result_message\":\"\",\"remove_search_box_datables\":false,\"dataTable_pagination_style\":null,\"datatable_search_string\":\"\",\"datatable_result_start\":\"\",\"datatable_result_of\":\"\",\"datatable_result_to\":\"\",\"datatable_result_total\":\"\",\"datatable_result_show\":\"\",\"datatable_result_entries\":\"\",\"wpgmza_savemap\":\"Enregistrer la carte \\u00bb\"}}' data-map-id='1' Data-maps-engine='google-maps' data-shortcode-attributes='{\"id\":\"1\"}' style=\"display:block; overflow:auto; width:100%; height:400px; float:left;\"><\/div>[\/vc_column_text][vc_column_text]<\/p>\n<div class=\"shortcode\">\n<div\n    class='wp-block-pdfp-pdf-poster  alignnone'\n    id='block-2'\n    data-attributes='{&quot;uniqueId&quot;:&quot;pdfp1&quot;,&quot;file&quot;:&quot;https:\\\/\\\/www.marinechaboud-naturopathie.com\\\/wp-content\\\/uploads\\\/2024\\\/04\\\/La-voix-reflet-de-notre-sante-Revue-96-web-2.pdf&quot;,&quot;title&quot;:&quot;La voix reflet de notre sante\\u0301- Revue 96&quot;,&quot;height&quot;:&quot;842px&quot;,&quot;width&quot;:&quot;100%&quot;,&quot;print&quot;:false,&quot;fullscreenButton&quot;:true,&quot;newWindow&quot;:false,&quot;showName&quot;:true,&quot;downloadButton&quot;:true,&quot;downloadButtonText&quot;:&quot;Download File&quot;,&quot;protect&quot;:false,&quot;onlyPDF&quot;:false,&quot;defaultBrowser&quot;:false,&quot;thumbMenu&quot;:false,&quot;sidebarOpen&quot;:false,&quot;lastVersion&quot;:false,&quot;hrScroll&quot;:false,&quot;alert&quot;:true,&quot;btnStyles&quot;:{&quot;background&quot;:&quot;#1e73be&quot;,&quot;color&quot;:&quot;#fff&quot;,&quot;fontSize&quot;:&quot;1rem&quot;,&quot;padding&quot;:{&quot;top&quot;:10,&quot;right&quot;:20,&quot;bottom&quot;:10,&quot;left&quot;:10}},&quot;popupOptions&quot;:{&quot;enabled&quot;:0,&quot;text&quot;:&quot;Open PDF&quot;,&quot;triggerType&quot;:&quot;button&quot;,&quot;image&quot;:&quot;&quot;,&quot;imageHeight&quot;:&quot;200px&quot;,&quot;imageWidth&quot;:&quot;300px&quot;,&quot;imagePdfIcon&quot;:true,&quot;triggerAlignment&quot;:&quot;center&quot;,&quot;btnStyle&quot;:{&quot;background&quot;:&quot;#1e73be&quot;,&quot;color&quot;:&quot;#fff&quot;,&quot;fontSize&quot;:&quot;1rem&quot;,&quot;padding&quot;:{&quot;top&quot;:10,&quot;right&quot;:20,&quot;bottom&quot;:10,&quot;left&quot;:10}}},&quot;actionsPosition&quot;:&quot;top&quot;,&quot;socialShare&quot;:{&quot;enabled&quot;:false,&quot;facebook&quot;:false,&quot;twitter&quot;:false,&quot;linkedin&quot;:false,&quot;pinterest&quot;:false,&quot;position&quot;:&quot;top&quot;},&quot;adobeEmbedder&quot;:false,&quot;align&quot;:&quot;none&quot;,&quot;alignment&quot;:&quot;left&quot;,&quot;titleFontSize&quot;:&quot;16px&quot;,&quot;fullscreenButtonText&quot;:&quot;View Fullscreen&quot;,&quot;initialPage&quot;:0,&quot;isHideRightToolbar&quot;:false,&quot;additional&quot;:{&quot;ID&quot;:&quot;&quot;,&quot;Class&quot;:&quot;&quot;,&quot;CSS&quot;:&quot;&quot;},&quot;adobeOptions&quot;:{&quot;showDownloadPDF&quot;:true,&quot;showPrintPDF&quot;:true,&quot;showAnnotationTools&quot;:true,&quot;showFullScreen&quot;:false,&quot;embedMode&quot;:&quot;SIZED_CONTAINER&quot;},&quot;popupBtnStyle&quot;:{&quot;background&quot;:&quot;#2271b1&quot;,&quot;color&quot;:&quot;#fff&quot;,&quot;padding&quot;:{&quot;top&quot;:10,&quot;right&quot;:20,&quot;bottom&quot;:10,&quot;left&quot;:10}},&quot;popupBtnText&quot;:&quot;Open Document&quot;,&quot;CSS&quot;:&quot;&quot;,&quot;isPremium&quot;:false}'\n    style=\"text-align: left\">\n    \n        <iframe loading=\"lazy\" title=\"La voix reflet de notre sante\u0301- Revue 96\" style=\"border:0;\" width=\"100%\" height=\"800px\" class=\"pdfp_unsupported_frame\" src=\"\/\/docs.google.com\/gview?embedded=true&url=https:\/\/www.marinechaboud-naturopathie.com\/wp-content\/uploads\/2024\/04\/La-voix-reflet-de-notre-sante-Revue-96-web-2.pdf\"><\/iframe>\n\n    <\/div>\n<\/div>\n<p>[\/vc_column_text][\/vc_column][\/vc_row]<\/p>\n","protected":false},"excerpt":{"rendered":"<p>[vc_row][vc_column][\/vc_column][\/vc_row][vc_row][vc_column width=&#8221;1\/2&#8243;][vc_column_text] Qu&#8217;est ce que la naturopathie? La naturopathie \u2026 vue par l\u2019O.M.S. L\u2019Organisation Mondiale de la Sant\u00e9 (O.M.S.) classe la naturopathie comme 3\u00e8me\u00a0m\u00e9decine traditionnelle mondiale, apr\u00e8s les m\u00e9decines traditionnelles chinoises et ayurv\u00e9diques. L\u2019O.M.S.\u00a0 d\u00e9finit\u00a0 la sant\u00e9 pour l\u2019individu comme un \u00ab \u00e9tat complet de bien-\u00eatre\u00a0 physique, mental et social \u00bb. Selon cette organisation, la [&hellip;]<\/p>\n","protected":false},"author":1,"featured_media":0,"parent":0,"menu_order":0,"comment_status":"closed","ping_status":"closed","template":"","meta":{"footnotes":""},"class_list":["post-122","page","type-page","status-publish","hentry"],"yoast_head":"<!-- This site is optimized with the Yoast SEO plugin v27.3 - https:\/\/yoast.com\/product\/yoast-seo-wordpress\/ -->\n<title>Naturopathie - Marine Chaboud - Naturopathe<\/title>\n<meta name=\"robots\" content=\"index, follow, max-snippet:-1, max-image-preview:large, max-video-preview:-1\" \/>\n<link rel=\"canonical\" href=\"https:\/\/www.marinechaboud-naturopathie.com\/index.php\/naturopathie\/\" \/>\n<meta property=\"og:locale\" content=\"fr_FR\" \/>\n<meta property=\"og:type\" content=\"article\" \/>\n<meta property=\"og:title\" content=\"Naturopathie - Marine Chaboud - Naturopathe\" \/>\n<meta property=\"og:description\" content=\"[vc_row][vc_column][\/vc_column][\/vc_row][vc_row][vc_column width=&#8221;1\/2&#8243;][vc_column_text] Qu&#8217;est ce que la naturopathie? La naturopathie \u2026 vue par l\u2019O.M.S. L\u2019Organisation Mondiale de la Sant\u00e9 (O.M.S.) classe la naturopathie comme 3\u00e8me\u00a0m\u00e9decine traditionnelle mondiale, apr\u00e8s les m\u00e9decines traditionnelles chinoises et ayurv\u00e9diques. L\u2019O.M.S.\u00a0 d\u00e9finit\u00a0 la sant\u00e9 pour l\u2019individu comme un \u00ab \u00e9tat complet de bien-\u00eatre\u00a0 physique, mental et social \u00bb. Selon cette organisation, la [&hellip;]\" \/>\n<meta property=\"og:url\" content=\"https:\/\/www.marinechaboud-naturopathie.com\/index.php\/naturopathie\/\" \/>\n<meta property=\"og:site_name\" content=\"Marine Chaboud - Naturopathe\" \/>\n<meta property=\"article:modified_time\" content=\"2024-04-25T14:11:49+00:00\" \/>\n<meta name=\"twitter:card\" content=\"summary_large_image\" \/>\n<meta name=\"twitter:label1\" content=\"Dur\u00e9e de lecture estim\u00e9e\" \/>\n\t<meta name=\"twitter:data1\" content=\"4 minutes\" \/>\n<script type=\"application\/ld+json\" class=\"yoast-schema-graph\">{\"@context\":\"https:\\\/\\\/schema.org\",\"@graph\":[{\"@type\":\"WebPage\",\"@id\":\"https:\\\/\\\/www.marinechaboud-naturopathie.com\\\/index.php\\\/naturopathie\\\/\",\"url\":\"https:\\\/\\\/www.marinechaboud-naturopathie.com\\\/index.php\\\/naturopathie\\\/\",\"name\":\"Naturopathie - Marine Chaboud - Naturopathe\",\"isPartOf\":{\"@id\":\"https:\\\/\\\/www.marinechaboud-naturopathie.com\\\/#website\"},\"datePublished\":\"2022-03-31T15:21:13+00:00\",\"dateModified\":\"2024-04-25T14:11:49+00:00\",\"breadcrumb\":{\"@id\":\"https:\\\/\\\/www.marinechaboud-naturopathie.com\\\/index.php\\\/naturopathie\\\/#breadcrumb\"},\"inLanguage\":\"fr-FR\",\"potentialAction\":[{\"@type\":\"ReadAction\",\"target\":[\"https:\\\/\\\/www.marinechaboud-naturopathie.com\\\/index.php\\\/naturopathie\\\/\"]}]},{\"@type\":\"BreadcrumbList\",\"@id\":\"https:\\\/\\\/www.marinechaboud-naturopathie.com\\\/index.php\\\/naturopathie\\\/#breadcrumb\",\"itemListElement\":[{\"@type\":\"ListItem\",\"position\":1,\"name\":\"Accueil\",\"item\":\"https:\\\/\\\/www.marinechaboud-naturopathie.com\\\/\"},{\"@type\":\"ListItem\",\"position\":2,\"name\":\"Naturopathie\"}]},{\"@type\":\"WebSite\",\"@id\":\"https:\\\/\\\/www.marinechaboud-naturopathie.com\\\/#website\",\"url\":\"https:\\\/\\\/www.marinechaboud-naturopathie.com\\\/\",\"name\":\"Marine Chaboud - Naturopathe\",\"description\":\"Naturopathie, p\u00e9rinatalit\u00e9, th\u00e9rapie vocale\",\"potentialAction\":[{\"@type\":\"SearchAction\",\"target\":{\"@type\":\"EntryPoint\",\"urlTemplate\":\"https:\\\/\\\/www.marinechaboud-naturopathie.com\\\/?s={search_term_string}\"},\"query-input\":{\"@type\":\"PropertyValueSpecification\",\"valueRequired\":true,\"valueName\":\"search_term_string\"}}],\"inLanguage\":\"fr-FR\"}]}<\/script>\n<!-- \/ Yoast SEO plugin. -->","yoast_head_json":{"title":"Naturopathie - Marine Chaboud - Naturopathe","robots":{"index":"index","follow":"follow","max-snippet":"max-snippet:-1","max-image-preview":"max-image-preview:large","max-video-preview":"max-video-preview:-1"},"canonical":"https:\/\/www.marinechaboud-naturopathie.com\/index.php\/naturopathie\/","og_locale":"fr_FR","og_type":"article","og_title":"Naturopathie - Marine Chaboud - Naturopathe","og_description":"[vc_row][vc_column][\/vc_column][\/vc_row][vc_row][vc_column width=&#8221;1\/2&#8243;][vc_column_text] Qu&#8217;est ce que la naturopathie? La naturopathie \u2026 vue par l\u2019O.M.S. L\u2019Organisation Mondiale de la Sant\u00e9 (O.M.S.) classe la naturopathie comme 3\u00e8me\u00a0m\u00e9decine traditionnelle mondiale, apr\u00e8s les m\u00e9decines traditionnelles chinoises et ayurv\u00e9diques. L\u2019O.M.S.\u00a0 d\u00e9finit\u00a0 la sant\u00e9 pour l\u2019individu comme un \u00ab \u00e9tat complet de bien-\u00eatre\u00a0 physique, mental et social \u00bb. Selon cette organisation, la [&hellip;]","og_url":"https:\/\/www.marinechaboud-naturopathie.com\/index.php\/naturopathie\/","og_site_name":"Marine Chaboud - Naturopathe","article_modified_time":"2024-04-25T14:11:49+00:00","twitter_card":"summary_large_image","twitter_misc":{"Dur\u00e9e de lecture estim\u00e9e":"4 minutes"},"schema":{"@context":"https:\/\/schema.org","@graph":[{"@type":"WebPage","@id":"https:\/\/www.marinechaboud-naturopathie.com\/index.php\/naturopathie\/","url":"https:\/\/www.marinechaboud-naturopathie.com\/index.php\/naturopathie\/","name":"Naturopathie - Marine Chaboud - Naturopathe","isPartOf":{"@id":"https:\/\/www.marinechaboud-naturopathie.com\/#website"},"datePublished":"2022-03-31T15:21:13+00:00","dateModified":"2024-04-25T14:11:49+00:00","breadcrumb":{"@id":"https:\/\/www.marinechaboud-naturopathie.com\/index.php\/naturopathie\/#breadcrumb"},"inLanguage":"fr-FR","potentialAction":[{"@type":"ReadAction","target":["https:\/\/www.marinechaboud-naturopathie.com\/index.php\/naturopathie\/"]}]},{"@type":"BreadcrumbList","@id":"https:\/\/www.marinechaboud-naturopathie.com\/index.php\/naturopathie\/#breadcrumb","itemListElement":[{"@type":"ListItem","position":1,"name":"Accueil","item":"https:\/\/www.marinechaboud-naturopathie.com\/"},{"@type":"ListItem","position":2,"name":"Naturopathie"}]},{"@type":"WebSite","@id":"https:\/\/www.marinechaboud-naturopathie.com\/#website","url":"https:\/\/www.marinechaboud-naturopathie.com\/","name":"Marine Chaboud - Naturopathe","description":"Naturopathie, p\u00e9rinatalit\u00e9, th\u00e9rapie vocale","potentialAction":[{"@type":"SearchAction","target":{"@type":"EntryPoint","urlTemplate":"https:\/\/www.marinechaboud-naturopathie.com\/?s={search_term_string}"},"query-input":{"@type":"PropertyValueSpecification","valueRequired":true,"valueName":"search_term_string"}}],"inLanguage":"fr-FR"}]}},"_links":{"self":[{"href":"https:\/\/www.marinechaboud-naturopathie.com\/index.php\/wp-json\/wp\/v2\/pages\/122","targetHints":{"allow":["GET"]}}],"collection":[{"href":"https:\/\/www.marinechaboud-naturopathie.com\/index.php\/wp-json\/wp\/v2\/pages"}],"about":[{"href":"https:\/\/www.marinechaboud-naturopathie.com\/index.php\/wp-json\/wp\/v2\/types\/page"}],"author":[{"embeddable":true,"href":"https:\/\/www.marinechaboud-naturopathie.com\/index.php\/wp-json\/wp\/v2\/users\/1"}],"replies":[{"embeddable":true,"href":"https:\/\/www.marinechaboud-naturopathie.com\/index.php\/wp-json\/wp\/v2\/comments?post=122"}],"version-history":[{"count":2,"href":"https:\/\/www.marinechaboud-naturopathie.com\/index.php\/wp-json\/wp\/v2\/pages\/122\/revisions"}],"predecessor-version":[{"id":685,"href":"https:\/\/www.marinechaboud-naturopathie.com\/index.php\/wp-json\/wp\/v2\/pages\/122\/revisions\/685"}],"wp:attachment":[{"href":"https:\/\/www.marinechaboud-naturopathie.com\/index.php\/wp-json\/wp\/v2\/media?parent=122"}],"curies":[{"name":"wp","href":"https:\/\/api.w.org\/{rel}","templated":true}]}}